{"id":3,"date":"2025-02-06T22:50:58","date_gmt":"2025-02-06T22:50:58","guid":{"rendered":"http:\/\/computecnectonic.com\/?page_id=3"},"modified":"2026-04-23T17:53:38","modified_gmt":"2026-04-23T23:53:38","slug":"privacy-policy","status":"publish","type":"page","link":"https:\/\/computecnectonic.com\/?page_id=3","title":{"rendered":"Politica de privacidad"},"content":{"rendered":"\t\t<div data-elementor-type=\"wp-page\" data-elementor-id=\"3\" class=\"elementor elementor-3\">\n\t\t\t\t<div class=\"elementor-element elementor-element-4a2d1670 e-flex e-con-boxed e-con e-parent\" data-id=\"4a2d1670\" data-element_type=\"container\" data-e-type=\"container\">\n\t\t\t\t\t<div class=\"e-con-inner\">\n\t\t\t\t<div class=\"elementor-element elementor-element-29b04fbb elementor-widget elementor-widget-text-editor\" data-id=\"29b04fbb\" data-element_type=\"widget\" data-e-type=\"widget\" data-widget_type=\"text-editor.default\">\n\t\t\t\t\t\t\t\t\t<style>\n.privacidad-container {\n  max-width: 900px;\n  margin: 60px auto;\n  padding: 0 20px;\n  font-family: Arial, sans-serif;\n  color: #444;\n  line-height: 1.7;\n}\n\n.privacidad-container h1 {\n  font-size: 28px;\n  margin-bottom: 30px;\n  color: #000;\n  border-bottom: 2px solid #0073ff;\n  padding-bottom: 10px;\n}\n\n.privacidad-section {\n  margin-bottom: 30px;\n}\n\n.privacidad-section h2 {\n  font-size: 18px;\n  color: #000;\n  margin-bottom: 10px;\n  position: relative;\n}\n\n.privacidad-section h2::after {\n  content: \"\";\n  display: block;\n  width: 30px;\n  height: 2px;\n  background: #0073ff;\n  margin-top: 6px;\n}\n\n.privacidad-container p {\n  font-size: 14px;\n  margin-bottom: 10px;\n}\n\n.resaltado {\n  font-weight: 600;\n  color: #000;\n}\n\n.importante {\n  border-left: 3px solid #0073ff;\n  padding-left: 12px;\n  margin: 15px 0;\n}\n\n.email {\n  color: #0073ff;\n  font-weight: 600;\n}\n\n@media (max-width: 768px) {\n  .privacidad-container {\n    margin: 40px auto;\n  }\n}\n<\/style>\n\n<div class=\"privacidad-container\">\n\n<h1>Pol\u00edtica de privacidad<\/h1>\n\n<div class=\"privacidad-section\">\n  <h2>Qui\u00e9nes somos<\/h2>\n  <p>Somos Computecnectonic, una empresa dedicada a la venta de equipos de c\u00f3mputo reacondicionados y servicios tecnol\u00f3gicos.<\/p>\n  <p>Nuestro sitio web es: <span class=\"resaltado\">https:\/\/computecnectonic.com<\/span><\/p>\n<\/div>\n\n<div class=\"privacidad-section\">\n  <h2>Informaci\u00f3n que recopilamos<\/h2>\n  <p>Recopilamos informaci\u00f3n personal \u00fanicamente cuando el usuario la proporciona de forma voluntaria, como por ejemplo al completar formularios de contacto o realizar una compra.<\/p>\n  <p>Los datos pueden incluir nombre, correo electr\u00f3nico, tel\u00e9fono y direcci\u00f3n de env\u00edo.<\/p>\n<\/div>\n\n<div class=\"privacidad-section\">\n  <h2>Uso de la informaci\u00f3n<\/h2>\n  <p>Utilizamos la informaci\u00f3n recopilada para:<\/p>\n  <p class=\"importante\">\n    &#8211; Procesar pedidos<br>\n    &#8211; Brindar soporte al cliente<br>\n    &#8211; Mejorar nuestros servicios<br>\n    &#8211; Comunicarnos con los usuarios\n  <\/p>\n<\/div>\n\n<div class=\"privacidad-section\">\n  <h2>Protecci\u00f3n de datos<\/h2>\n  <p>Implementamos medidas de seguridad adecuadas para proteger la informaci\u00f3n personal de nuestros usuarios y evitar accesos no autorizados.<\/p>\n<\/div>\n\n<div class=\"privacidad-section\">\n  <h2>Cookies<\/h2>\n  <p>Nuestro sitio puede utilizar cookies para mejorar la experiencia del usuario, permitiendo recordar preferencias y optimizar la navegaci\u00f3n.<\/p>\n  <p>El usuario puede configurar su navegador para rechazar el uso de cookies si lo desea.<\/p>\n<\/div>\n\n<div class=\"privacidad-section\">\n  <h2>Compartici\u00f3n de datos<\/h2>\n  <p>No vendemos ni compartimos informaci\u00f3n personal con terceros, excepto cuando sea necesario para procesar pedidos o cumplir con obligaciones legales.<\/p>\n<\/div>\n\n<div class=\"privacidad-section\">\n  <h2>Derechos del usuario<\/h2>\n  <p>Los usuarios pueden solicitar el acceso, modificaci\u00f3n o eliminaci\u00f3n de sus datos personales en cualquier momento.<\/p>\n<\/div>\n\n<div class=\"privacidad-section\">\n  <h2>Contacto<\/h2>\n  <p>Si ten\u00e9s dudas sobre esta pol\u00edtica, pod\u00e9s contactarnos en:<\/p>\n  <p class=\"email\">ventas@computecnectonic.com<\/p>\n<\/div>\n\n<\/div>\n\t\t\t\t\t\t\t\t<\/div>\n\t\t\t\t\t<\/div>\n\t\t\t\t<\/div>\n\t\t\t\t<\/div>\n\t\t","protected":false},"excerpt":{"rendered":"<p>Pol\u00edtica de privacidad Qui\u00e9nes somos Somos Computecnectonic, una empresa dedicada a la venta de equipos de c\u00f3mputo reacondicionados y servicios tecnol\u00f3gicos. Nuestro sitio web es: https:\/\/computecnectonic.com Informaci\u00f3n que recopilamos Recopilamos informaci\u00f3n personal \u00fanicamente cuando el usuario la proporciona de forma voluntaria, como por ejemplo al completar formularios de contacto o realizar una compra. Los datos [&hellip;]<\/p>\n","protected":false},"author":1,"featured_media":0,"parent":0,"menu_order":0,"comment_status":"closed","ping_status":"open","template":"","meta":{"_uag_custom_page_level_css":"","site-sidebar-layout":"default","site-content-layout":"","ast-site-content-layout":"default","site-content-style":"default","site-sidebar-style":"default","ast-global-header-display":"","ast-banner-title-visibility":"","ast-main-header-display":"","ast-hfb-above-header-display":"","ast-hfb-below-header-display":"","ast-hfb-mobile-header-display":"","site-post-title":"","ast-breadcrumbs-content":"","ast-featured-img":"","footer-sml-layout":"","ast-disable-related-posts":"","theme-transparent-header-meta":"","adv-header-id-meta":"","stick-header-meta":"","header-above-stick-meta":"","header-main-stick-meta":"","header-below-stick-meta":"","astra-migrate-meta-layouts":"set","ast-page-background-enabled":"default","ast-page-background-meta":{"desktop":{"background-color":"var(--ast-global-color-4)","background-image":"","background-repeat":"repeat","background-position":"center center","background-size":"auto","background-attachment":"scroll","background-type":"","background-media":"","overlay-type":"","overlay-color":"","overlay-opacity":"","overlay-gradient":""},"tablet":{"background-color":"","background-image":"","background-repeat":"repeat","background-position":"center center","background-size":"auto","background-attachment":"scroll","background-type":"","background-media":"","overlay-type":"","overlay-color":"","overlay-opacity":"","overlay-gradient":""},"mobile":{"background-color":"","background-image":"","background-repeat":"repeat","background-position":"center center","background-size":"auto","background-attachment":"scroll","background-type":"","background-media":"","overlay-type":"","overlay-color":"","overlay-opacity":"","overlay-gradient":""}},"ast-content-background-meta":{"desktop":{"background-color":"var(--ast-global-color-5)","background-image":"","background-repeat":"repeat","background-position":"center center","background-size":"auto","background-attachment":"scroll","background-type":"","background-media":"","overlay-type":"","overlay-color":"","overlay-opacity":"","overlay-gradient":""},"tablet":{"background-color":"var(--ast-global-color-5)","background-image":"","background-repeat":"repeat","background-position":"center center","background-size":"auto","background-attachment":"scroll","background-type":"","background-media":"","overlay-type":"","overlay-color":"","overlay-opacity":"","overlay-gradient":""},"mobile":{"background-color":"var(--ast-global-color-5)","background-image":"","background-repeat":"repeat","background-position":"center center","background-size":"auto","background-attachment":"scroll","background-type":"","background-media":"","overlay-type":"","overlay-color":"","overlay-opacity":"","overlay-gradient":""}},"footnotes":""},"class_list":["post-3","page","type-page","status-publish","hentry"],"aioseo_notices":[],"uagb_featured_image_src":{"full":false,"thumbnail":false,"medium":false,"medium_large":false,"large":false,"1536x1536":false,"2048x2048":false,"woocommerce_thumbnail":false,"woocommerce_single":false,"woocommerce_gallery_thumbnail":false,"dgwt-wcas-product-suggestion":false},"uagb_author_info":{"display_name":"axel suxo","author_link":"https:\/\/computecnectonic.com\/?author=1"},"uagb_comment_info":0,"uagb_excerpt":"Pol\u00edtica de privacidad Qui\u00e9nes somos Somos Computecnectonic, una empresa dedicada a la venta de equipos de c\u00f3mputo reacondicionados y servicios tecnol\u00f3gicos. Nuestro sitio web es: https:\/\/computecnectonic.com Informaci\u00f3n que recopilamos Recopilamos informaci\u00f3n personal \u00fanicamente cuando el usuario la proporciona de forma voluntaria, como por ejemplo al completar formularios de contacto o realizar una compra. Los datos&hellip;","_links":{"self":[{"href":"https:\/\/computecnectonic.com\/index.php?rest_route=\/wp\/v2\/pages\/3","targetHints":{"allow":["GET"]}}],"collection":[{"href":"https:\/\/computecnectonic.com\/index.php?rest_route=\/wp\/v2\/pages"}],"about":[{"href":"https:\/\/computecnectonic.com\/index.php?rest_route=\/wp\/v2\/types\/page"}],"author":[{"embeddable":true,"href":"https:\/\/computecnectonic.com\/index.php?rest_route=\/wp\/v2\/users\/1"}],"replies":[{"embeddable":true,"href":"https:\/\/computecnectonic.com\/index.php?rest_route=%2Fwp%2Fv2%2Fcomments&post=3"}],"version-history":[{"count":8,"href":"https:\/\/computecnectonic.com\/index.php?rest_route=\/wp\/v2\/pages\/3\/revisions"}],"predecessor-version":[{"id":2667,"href":"https:\/\/computecnectonic.com\/index.php?rest_route=\/wp\/v2\/pages\/3\/revisions\/2667"}],"wp:attachment":[{"href":"https:\/\/computecnectonic.com\/index.php?rest_route=%2Fwp%2Fv2%2Fmedia&parent=3"}],"curies":[{"name":"wp","href":"https:\/\/api.w.org\/{rel}","templated":true}]}}