{"id":2037,"date":"2025-02-12T20:31:16","date_gmt":"2025-02-13T03:31:16","guid":{"rendered":"https:\/\/computecnectonic.com\/?post_type=product&#038;p=2037"},"modified":"2026-04-28T17:27:54","modified_gmt":"2026-04-28T23:27:54","slug":"laptop-dell-latitude-9410","status":"publish","type":"product","link":"https:\/\/computecnectonic.com\/?product=laptop-dell-latitude-9410","title":{"rendered":"LapTop Dell Latitude 9410 Core i7-10"},"content":{"rendered":"<h2>Dise\u00f1o Premium para Profesionales<\/h2>\n<p>\u00a1 La Dell Latitude 9410 redefine la productividad empresarial!<\/p>\n<p>Una LapTop 2 en 1 premium dise\u00f1aa para profecionales en movimiento.<\/p>\n<p>Con un procesador Intel Core de \u00faltima generaci\u00f3n , la Latitude 9410 combina potencia, versatilidad y una experiencia visual impresionante.<\/p>\n<p>Su dise\u00f1o elegante, bater\u00eda de larga duraci\u00f3n y caracter\u00edsticas de seguridad avanzdas hacen de esta LapTop una opci\u00f3n perfecta para quienes necesitan rendimiento sin comprometer la portabilidad.<\/p>\n<p>\u00a1 Haz tuya la Dell Latitude 9410 hoy mismo y lleva tu productividad y estilo al siguiente nivel !<\/p>\n","protected":false},"excerpt":{"rendered":"<p>LapTop Dell Latitude 9410<\/p>\n<p>CORE 17-10610U<\/p>\n<p>Memoria RAM 16GB<\/p>\n<p>Disco duro de 1 TB SSD<\/p>\n<p>Windows 10 pro<\/p>\n<p>LCD de 14&#8243;<\/p>\n<p>Reacondicionado<\/p>\n<p>En color negro<\/p>\n","protected":false},"featured_media":2782,"comment_status":"open","ping_status":"closed","template":"","meta":{"_uag_custom_page_level_css":"","site-sidebar-layout":"default","site-content-layout":"","ast-site-content-layout":"default","site-content-style":"default","site-sidebar-style":"default","ast-global-header-display":"","ast-banner-title-visibility":"","ast-main-header-display":"","ast-hfb-above-header-display":"","ast-hfb-below-header-display":"","ast-hfb-mobile-header-display":"","site-post-title":"","ast-breadcrumbs-content":"","ast-featured-img":"","footer-sml-layout":"","ast-disable-related-posts":"","theme-transparent-header-meta":"default","adv-header-id-meta":"","stick-header-meta":"","header-above-stick-meta":"","header-main-stick-meta":"","header-below-stick-meta":"","astra-migrate-meta-layouts":"set","ast-page-background-enabled":"default","ast-page-background-meta":{"desktop":{"background-color":"var(--ast-global-color-4)","background-image":"","background-repeat":"repeat","background-position":"center center","background-size":"auto","background-attachment":"scroll","background-type":"","background-media":"","overlay-type":"","overlay-color":"","overlay-opacity":"","overlay-gradient":""},"tablet":{"background-color":"","background-image":"","background-repeat":"repeat","background-position":"center center","background-size":"auto","background-attachment":"scroll","background-type":"","background-media":"","overlay-type":"","overlay-color":"","overlay-opacity":"","overlay-gradient":""},"mobile":{"background-color":"","background-image":"","background-repeat":"repeat","background-position":"center center","background-size":"auto","background-attachment":"scroll","background-type":"","background-media":"","overlay-type":"","overlay-color":"","overlay-opacity":"","overlay-gradient":""}},"ast-content-background-meta":{"desktop":{"background-color":"var(--ast-global-color-5)","background-image":"","background-repeat":"repeat","background-position":"center center","background-size":"auto","background-attachment":"scroll","background-type":"","background-media":"","overlay-type":"","overlay-color":"","overlay-opacity":"","overlay-gradient":""},"tablet":{"background-color":"var(--ast-global-color-5)","background-image":"","background-repeat":"repeat","background-position":"center center","background-size":"auto","background-attachment":"scroll","background-type":"","background-media":"","overlay-type":"","overlay-color":"","overlay-opacity":"","overlay-gradient":""},"mobile":{"background-color":"var(--ast-global-color-5)","background-image":"","background-repeat":"repeat","background-position":"center center","background-size":"auto","background-attachment":"scroll","background-type":"","background-media":"","overlay-type":"","overlay-color":"","overlay-opacity":"","overlay-gradient":""}}},"product_brand":[],"product_cat":[29],"product_tag":[],"class_list":{"0":"post-2037","1":"product","2":"type-product","3":"status-publish","4":"has-post-thumbnail","6":"product_cat-laptop","7":"desktop-align-center","8":"tablet-align-left","9":"mobile-align-left","11":"first","12":"instock","13":"sale","14":"shipping-taxable","15":"purchasable","16":"product-type-simple"},"aioseo_notices":[],"uagb_featured_image_src":{"full":["https:\/\/computecnectonic.com\/wp-content\/uploads\/2025\/02\/8109435D-85A3-490B-80BD-219413FA606A.png",1254,1254,false],"thumbnail":["https:\/\/computecnectonic.com\/wp-content\/uploads\/2025\/02\/8109435D-85A3-490B-80BD-219413FA606A-150x150.png",150,150,true],"medium":["https:\/\/computecnectonic.com\/wp-content\/uploads\/2025\/02\/8109435D-85A3-490B-80BD-219413FA606A-300x300.png",300,300,true],"medium_large":["https:\/\/computecnectonic.com\/wp-content\/uploads\/2025\/02\/8109435D-85A3-490B-80BD-219413FA606A-768x768.png",768,768,true],"large":["https:\/\/computecnectonic.com\/wp-content\/uploads\/2025\/02\/8109435D-85A3-490B-80BD-219413FA606A-1024x1024.png",1024,1024,true],"1536x1536":["https:\/\/computecnectonic.com\/wp-content\/uploads\/2025\/02\/8109435D-85A3-490B-80BD-219413FA606A.png",1254,1254,false],"2048x2048":["https:\/\/computecnectonic.com\/wp-content\/uploads\/2025\/02\/8109435D-85A3-490B-80BD-219413FA606A.png",1254,1254,false],"woocommerce_thumbnail":["https:\/\/computecnectonic.com\/wp-content\/uploads\/2025\/02\/8109435D-85A3-490B-80BD-219413FA606A-300x300.png",300,300,true],"woocommerce_single":["https:\/\/computecnectonic.com\/wp-content\/uploads\/2025\/02\/8109435D-85A3-490B-80BD-219413FA606A-600x600.png",600,600,true],"woocommerce_gallery_thumbnail":["https:\/\/computecnectonic.com\/wp-content\/uploads\/2025\/02\/8109435D-85A3-490B-80BD-219413FA606A-100x100.png",100,100,true],"dgwt-wcas-product-suggestion":["https:\/\/computecnectonic.com\/wp-content\/uploads\/2025\/02\/8109435D-85A3-490B-80BD-219413FA606A-64x64.png",64,64,true]},"uagb_author_info":{"display_name":"axel suxo","author_link":"https:\/\/computecnectonic.com\/?author=0"},"uagb_comment_info":0,"uagb_excerpt":"LapTop Dell Latitude 9410 CORE 17-10610U Memoria RAM 16GB Disco duro de 1 TB SSD Windows 10 pro LCD de 14\" Reacondicionado En color negro","_links":{"self":[{"href":"https:\/\/computecnectonic.com\/index.php?rest_route=\/wp\/v2\/product\/2037","targetHints":{"allow":["GET"]}}],"collection":[{"href":"https:\/\/computecnectonic.com\/index.php?rest_route=\/wp\/v2\/product"}],"about":[{"href":"https:\/\/computecnectonic.com\/index.php?rest_route=\/wp\/v2\/types\/product"}],"replies":[{"embeddable":true,"href":"https:\/\/computecnectonic.com\/index.php?rest_route=%2Fwp%2Fv2%2Fcomments&post=2037"}],"wp:featuredmedia":[{"embeddable":true,"href":"https:\/\/computecnectonic.com\/index.php?rest_route=\/wp\/v2\/media\/2782"}],"wp:attachment":[{"href":"https:\/\/computecnectonic.com\/index.php?rest_route=%2Fwp%2Fv2%2Fmedia&parent=2037"}],"wp:term":[{"taxonomy":"product_brand","embeddable":true,"href":"https:\/\/computecnectonic.com\/index.php?rest_route=%2Fwp%2Fv2%2Fproduct_brand&post=2037"},{"taxonomy":"product_cat","embeddable":true,"href":"https:\/\/computecnectonic.com\/index.php?rest_route=%2Fwp%2Fv2%2Fproduct_cat&post=2037"},{"taxonomy":"product_tag","embeddable":true,"href":"https:\/\/computecnectonic.com\/index.php?rest_route=%2Fwp%2Fv2%2Fproduct_tag&post=2037"}],"curies":[{"name":"wp","href":"https:\/\/api.w.org\/{rel}","templated":true}]}}