{"id":2062,"date":"2025-02-24T17:28:10","date_gmt":"2025-02-24T23:28:10","guid":{"rendered":"https:\/\/computecnectonic.com\/?post_type=product&#038;p=2062"},"modified":"2026-04-28T17:21:11","modified_gmt":"2026-04-28T23:21:11","slug":"laptop-dell-precision-3591","status":"publish","type":"product","link":"https:\/\/computecnectonic.com\/?product=laptop-dell-precision-3591","title":{"rendered":"LapTop Dell Precision 3551 Core i7-10"},"content":{"rendered":"<p>Potencia y rendimiento profesional en tus manos.<\/p>\n<p>La Dell Precision 3591 es la LapTop perfecta para tareas exigentes.<\/p>\n<p>Con un procesador Intel Core\u00a0 de \u00faltima generac\u00edon y gr\u00e1ficos NVIDIA, esta LapTop est\u00e1 dise\u00f1ada para ofrecer velocidad, eficiencia y resultados sobresalientes en dise\u00f1o, ingenieria y m\u00e1s.<\/p>\n<p>Disfruta de una pantalla Full HD, gran capacidad de almacenamiento y rendimiento sin igual que te ayudar\u00e1 a optimizar tu productividad en cualquier proyecto.<\/p>\n<p>\u00a1Hazla tuya ahora y lleva tu trabajo al siguiente nivel con la Dell Precision 3591!<\/p>\n","protected":false},"excerpt":{"rendered":"<p>LaoTop Dell Precision 3591<\/p>\n<p>Caracteristicas:<\/p>\n<p>Intel Ultra 7155H<\/p>\n<p>Memoria RAM 64 GB<\/p>\n<p>Disco duro de 980 GB SSD<\/p>\n<p>Pantalla de 15&#8243;<\/p>\n<p>Windows 10 pro<\/p>\n<p>Reacondicionado<\/p>\n<p>En color negro<\/p>\n<p>&nbsp;<\/p>\n","protected":false},"featured_media":2781,"comment_status":"open","ping_status":"closed","template":"","meta":{"_uag_custom_page_level_css":"","site-sidebar-layout":"default","site-content-layout":"","ast-site-content-layout":"default","site-content-style":"default","site-sidebar-style":"default","ast-global-header-display":"","ast-banner-title-visibility":"","ast-main-header-display":"","ast-hfb-above-header-display":"","ast-hfb-below-header-display":"","ast-hfb-mobile-header-display":"","site-post-title":"","ast-breadcrumbs-content":"","ast-featured-img":"","footer-sml-layout":"","ast-disable-related-posts":"","theme-transparent-header-meta":"default","adv-header-id-meta":"","stick-header-meta":"","header-above-stick-meta":"","header-main-stick-meta":"","header-below-stick-meta":"","astra-migrate-meta-layouts":"set","ast-page-background-enabled":"default","ast-page-background-meta":{"desktop":{"background-color":"var(--ast-global-color-4)","background-image":"","background-repeat":"repeat","background-position":"center center","background-size":"auto","background-attachment":"scroll","background-type":"","background-media":"","overlay-type":"","overlay-color":"","overlay-opacity":"","overlay-gradient":""},"tablet":{"background-color":"","background-image":"","background-repeat":"repeat","background-position":"center center","background-size":"auto","background-attachment":"scroll","background-type":"","background-media":"","overlay-type":"","overlay-color":"","overlay-opacity":"","overlay-gradient":""},"mobile":{"background-color":"","background-image":"","background-repeat":"repeat","background-position":"center center","background-size":"auto","background-attachment":"scroll","background-type":"","background-media":"","overlay-type":"","overlay-color":"","overlay-opacity":"","overlay-gradient":""}},"ast-content-background-meta":{"desktop":{"background-color":"var(--ast-global-color-5)","background-image":"","background-repeat":"repeat","background-position":"center center","background-size":"auto","background-attachment":"scroll","background-type":"","background-media":"","overlay-type":"","overlay-color":"","overlay-opacity":"","overlay-gradient":""},"tablet":{"background-color":"var(--ast-global-color-5)","background-image":"","background-repeat":"repeat","background-position":"center center","background-size":"auto","background-attachment":"scroll","background-type":"","background-media":"","overlay-type":"","overlay-color":"","overlay-opacity":"","overlay-gradient":""},"mobile":{"background-color":"var(--ast-global-color-5)","background-image":"","background-repeat":"repeat","background-position":"center center","background-size":"auto","background-attachment":"scroll","background-type":"","background-media":"","overlay-type":"","overlay-color":"","overlay-opacity":"","overlay-gradient":""}}},"product_brand":[],"product_cat":[29],"product_tag":[],"class_list":{"0":"post-2062","1":"product","2":"type-product","3":"status-publish","4":"has-post-thumbnail","6":"product_cat-laptop","7":"desktop-align-center","8":"tablet-align-left","9":"mobile-align-left","11":"first","12":"instock","13":"sale","14":"shipping-taxable","15":"purchasable","16":"product-type-simple"},"aioseo_notices":[],"uagb_featured_image_src":{"full":["https:\/\/computecnectonic.com\/wp-content\/uploads\/2025\/02\/DC6BA32D-62AB-4380-AA18-91AF0C824D52.png",1254,1254,false],"thumbnail":["https:\/\/computecnectonic.com\/wp-content\/uploads\/2025\/02\/DC6BA32D-62AB-4380-AA18-91AF0C824D52-150x150.png",150,150,true],"medium":["https:\/\/computecnectonic.com\/wp-content\/uploads\/2025\/02\/DC6BA32D-62AB-4380-AA18-91AF0C824D52-300x300.png",300,300,true],"medium_large":["https:\/\/computecnectonic.com\/wp-content\/uploads\/2025\/02\/DC6BA32D-62AB-4380-AA18-91AF0C824D52-768x768.png",768,768,true],"large":["https:\/\/computecnectonic.com\/wp-content\/uploads\/2025\/02\/DC6BA32D-62AB-4380-AA18-91AF0C824D52-1024x1024.png",1024,1024,true],"1536x1536":["https:\/\/computecnectonic.com\/wp-content\/uploads\/2025\/02\/DC6BA32D-62AB-4380-AA18-91AF0C824D52.png",1254,1254,false],"2048x2048":["https:\/\/computecnectonic.com\/wp-content\/uploads\/2025\/02\/DC6BA32D-62AB-4380-AA18-91AF0C824D52.png",1254,1254,false],"woocommerce_thumbnail":["https:\/\/computecnectonic.com\/wp-content\/uploads\/2025\/02\/DC6BA32D-62AB-4380-AA18-91AF0C824D52-300x300.png",300,300,true],"woocommerce_single":["https:\/\/computecnectonic.com\/wp-content\/uploads\/2025\/02\/DC6BA32D-62AB-4380-AA18-91AF0C824D52-600x600.png",600,600,true],"woocommerce_gallery_thumbnail":["https:\/\/computecnectonic.com\/wp-content\/uploads\/2025\/02\/DC6BA32D-62AB-4380-AA18-91AF0C824D52-100x100.png",100,100,true],"dgwt-wcas-product-suggestion":["https:\/\/computecnectonic.com\/wp-content\/uploads\/2025\/02\/DC6BA32D-62AB-4380-AA18-91AF0C824D52-64x64.png",64,64,true]},"uagb_author_info":{"display_name":"axel suxo","author_link":"https:\/\/computecnectonic.com\/?author=0"},"uagb_comment_info":0,"uagb_excerpt":"LaoTop Dell Precision 3591 Caracteristicas: Intel Ultra 7155H Memoria RAM 64 GB Disco duro de 980 GB SSD Pantalla de 15\" Windows 10 pro Reacondicionado En color negro &nbsp;","_links":{"self":[{"href":"https:\/\/computecnectonic.com\/index.php?rest_route=\/wp\/v2\/product\/2062","targetHints":{"allow":["GET"]}}],"collection":[{"href":"https:\/\/computecnectonic.com\/index.php?rest_route=\/wp\/v2\/product"}],"about":[{"href":"https:\/\/computecnectonic.com\/index.php?rest_route=\/wp\/v2\/types\/product"}],"replies":[{"embeddable":true,"href":"https:\/\/computecnectonic.com\/index.php?rest_route=%2Fwp%2Fv2%2Fcomments&post=2062"}],"wp:featuredmedia":[{"embeddable":true,"href":"https:\/\/computecnectonic.com\/index.php?rest_route=\/wp\/v2\/media\/2781"}],"wp:attachment":[{"href":"https:\/\/computecnectonic.com\/index.php?rest_route=%2Fwp%2Fv2%2Fmedia&parent=2062"}],"wp:term":[{"taxonomy":"product_brand","embeddable":true,"href":"https:\/\/computecnectonic.com\/index.php?rest_route=%2Fwp%2Fv2%2Fproduct_brand&post=2062"},{"taxonomy":"product_cat","embeddable":true,"href":"https:\/\/computecnectonic.com\/index.php?rest_route=%2Fwp%2Fv2%2Fproduct_cat&post=2062"},{"taxonomy":"product_tag","embeddable":true,"href":"https:\/\/computecnectonic.com\/index.php?rest_route=%2Fwp%2Fv2%2Fproduct_tag&post=2062"}],"curies":[{"name":"wp","href":"https:\/\/api.w.org\/{rel}","templated":true}]}}