{"id":2064,"date":"2025-02-24T19:39:02","date_gmt":"2025-02-25T01:39:02","guid":{"rendered":"https:\/\/computecnectonic.com\/?post_type=product&#038;p=2064"},"modified":"2026-04-28T17:33:27","modified_gmt":"2026-04-28T23:33:27","slug":"laptop-dell-precision-5550","status":"publish","type":"product","link":"https:\/\/computecnectonic.com\/?product=laptop-dell-precision-5550","title":{"rendered":"LapTop Dell Precision 5550 Intel Xeon W-10855M"},"content":{"rendered":"<p>\u00a1Desata todo tu potencial con la Dell Precision 5550!<\/p>\n<p>Una LapTop ultradelgada y poderosa para profecionales de alto rendimiento.<\/p>\n<p>Equipada con procesadores Intel Core y graficos NVIDIA, la Precision 5550 te ofrece una potencia incre\u00edble para tareas intensivas en dise\u00f1o, modelado 3D y m\u00e1s.<\/p>\n<p>Su pantalla de 15&#8243; , su dise\u00f1o elegante y su durabilidad hacen que sea la opci\u00f3n ideal para quienes buscan un equipo de trabajo avanzado, confiable y portatil.<\/p>\n<p>\u00a1 No esperes m\u00e1s ! Lleva la Dell Precision 5550 a tu oficina o lugar de trabajo y lleva tu productividad al m\u00e1ximo nivel.<\/p>\n","protected":false},"excerpt":{"rendered":"<p>Laptop Dell 5550<\/p>\n<p>Intel Xeon W-10855M<\/p>\n<p>Memoria RAM 32 GB<\/p>\n<p>Disco duro 980 GB SSD<\/p>\n<p>Pantalla de 15&#8243;<\/p>\n<p>Windows 10 pro<\/p>\n<p>Reacondicionado<\/p>\n<p>En color negro<\/p>\n","protected":false},"featured_media":2783,"comment_status":"open","ping_status":"closed","template":"","meta":{"_uag_custom_page_level_css":"","site-sidebar-layout":"default","site-content-layout":"","ast-site-content-layout":"default","site-content-style":"default","site-sidebar-style":"default","ast-global-header-display":"","ast-banner-title-visibility":"","ast-main-header-display":"","ast-hfb-above-header-display":"","ast-hfb-below-header-display":"","ast-hfb-mobile-header-display":"","site-post-title":"","ast-breadcrumbs-content":"","ast-featured-img":"","footer-sml-layout":"","ast-disable-related-posts":"","theme-transparent-header-meta":"default","adv-header-id-meta":"","stick-header-meta":"","header-above-stick-meta":"","header-main-stick-meta":"","header-below-stick-meta":"","astra-migrate-meta-layouts":"set","ast-page-background-enabled":"default","ast-page-background-meta":{"desktop":{"background-color":"var(--ast-global-color-4)","background-image":"","background-repeat":"repeat","background-position":"center center","background-size":"auto","background-attachment":"scroll","background-type":"","background-media":"","overlay-type":"","overlay-color":"","overlay-opacity":"","overlay-gradient":""},"tablet":{"background-color":"","background-image":"","background-repeat":"repeat","background-position":"center center","background-size":"auto","background-attachment":"scroll","background-type":"","background-media":"","overlay-type":"","overlay-color":"","overlay-opacity":"","overlay-gradient":""},"mobile":{"background-color":"","background-image":"","background-repeat":"repeat","background-position":"center center","background-size":"auto","background-attachment":"scroll","background-type":"","background-media":"","overlay-type":"","overlay-color":"","overlay-opacity":"","overlay-gradient":""}},"ast-content-background-meta":{"desktop":{"background-color":"var(--ast-global-color-5)","background-image":"","background-repeat":"repeat","background-position":"center center","background-size":"auto","background-attachment":"scroll","background-type":"","background-media":"","overlay-type":"","overlay-color":"","overlay-opacity":"","overlay-gradient":""},"tablet":{"background-color":"var(--ast-global-color-5)","background-image":"","background-repeat":"repeat","background-position":"center center","background-size":"auto","background-attachment":"scroll","background-type":"","background-media":"","overlay-type":"","overlay-color":"","overlay-opacity":"","overlay-gradient":""},"mobile":{"background-color":"var(--ast-global-color-5)","background-image":"","background-repeat":"repeat","background-position":"center center","background-size":"auto","background-attachment":"scroll","background-type":"","background-media":"","overlay-type":"","overlay-color":"","overlay-opacity":"","overlay-gradient":""}}},"product_brand":[],"product_cat":[29],"product_tag":[],"class_list":{"0":"post-2064","1":"product","2":"type-product","3":"status-publish","4":"has-post-thumbnail","6":"product_cat-laptop","7":"desktop-align-center","8":"tablet-align-left","9":"mobile-align-left","11":"first","12":"instock","13":"sale","14":"shipping-taxable","15":"purchasable","16":"product-type-simple"},"aioseo_notices":[],"uagb_featured_image_src":{"full":["https:\/\/computecnectonic.com\/wp-content\/uploads\/2025\/02\/161D270E-C5F3-4051-8CB5-994123FA822E.png",1254,1254,false],"thumbnail":["https:\/\/computecnectonic.com\/wp-content\/uploads\/2025\/02\/161D270E-C5F3-4051-8CB5-994123FA822E-150x150.png",150,150,true],"medium":["https:\/\/computecnectonic.com\/wp-content\/uploads\/2025\/02\/161D270E-C5F3-4051-8CB5-994123FA822E-300x300.png",300,300,true],"medium_large":["https:\/\/computecnectonic.com\/wp-content\/uploads\/2025\/02\/161D270E-C5F3-4051-8CB5-994123FA822E-768x768.png",768,768,true],"large":["https:\/\/computecnectonic.com\/wp-content\/uploads\/2025\/02\/161D270E-C5F3-4051-8CB5-994123FA822E-1024x1024.png",1024,1024,true],"1536x1536":["https:\/\/computecnectonic.com\/wp-content\/uploads\/2025\/02\/161D270E-C5F3-4051-8CB5-994123FA822E.png",1254,1254,false],"2048x2048":["https:\/\/computecnectonic.com\/wp-content\/uploads\/2025\/02\/161D270E-C5F3-4051-8CB5-994123FA822E.png",1254,1254,false],"woocommerce_thumbnail":["https:\/\/computecnectonic.com\/wp-content\/uploads\/2025\/02\/161D270E-C5F3-4051-8CB5-994123FA822E-300x300.png",300,300,true],"woocommerce_single":["https:\/\/computecnectonic.com\/wp-content\/uploads\/2025\/02\/161D270E-C5F3-4051-8CB5-994123FA822E-600x600.png",600,600,true],"woocommerce_gallery_thumbnail":["https:\/\/computecnectonic.com\/wp-content\/uploads\/2025\/02\/161D270E-C5F3-4051-8CB5-994123FA822E-100x100.png",100,100,true],"dgwt-wcas-product-suggestion":["https:\/\/computecnectonic.com\/wp-content\/uploads\/2025\/02\/161D270E-C5F3-4051-8CB5-994123FA822E-64x64.png",64,64,true]},"uagb_author_info":{"display_name":"axel suxo","author_link":"https:\/\/computecnectonic.com\/?author=0"},"uagb_comment_info":0,"uagb_excerpt":"Laptop Dell 5550 Intel Xeon W-10855M Memoria RAM 32 GB Disco duro 980 GB SSD Pantalla de 15\" Windows 10 pro Reacondicionado En color negro","_links":{"self":[{"href":"https:\/\/computecnectonic.com\/index.php?rest_route=\/wp\/v2\/product\/2064","targetHints":{"allow":["GET"]}}],"collection":[{"href":"https:\/\/computecnectonic.com\/index.php?rest_route=\/wp\/v2\/product"}],"about":[{"href":"https:\/\/computecnectonic.com\/index.php?rest_route=\/wp\/v2\/types\/product"}],"replies":[{"embeddable":true,"href":"https:\/\/computecnectonic.com\/index.php?rest_route=%2Fwp%2Fv2%2Fcomments&post=2064"}],"wp:featuredmedia":[{"embeddable":true,"href":"https:\/\/computecnectonic.com\/index.php?rest_route=\/wp\/v2\/media\/2783"}],"wp:attachment":[{"href":"https:\/\/computecnectonic.com\/index.php?rest_route=%2Fwp%2Fv2%2Fmedia&parent=2064"}],"wp:term":[{"taxonomy":"product_brand","embeddable":true,"href":"https:\/\/computecnectonic.com\/index.php?rest_route=%2Fwp%2Fv2%2Fproduct_brand&post=2064"},{"taxonomy":"product_cat","embeddable":true,"href":"https:\/\/computecnectonic.com\/index.php?rest_route=%2Fwp%2Fv2%2Fproduct_cat&post=2064"},{"taxonomy":"product_tag","embeddable":true,"href":"https:\/\/computecnectonic.com\/index.php?rest_route=%2Fwp%2Fv2%2Fproduct_tag&post=2064"}],"curies":[{"name":"wp","href":"https:\/\/api.w.org\/{rel}","templated":true}]}}