{"id":2091,"date":"2025-02-25T14:52:44","date_gmt":"2025-02-25T20:52:44","guid":{"rendered":"https:\/\/computecnectonic.com\/?post_type=product&#038;p=2091"},"modified":"2026-04-28T17:48:39","modified_gmt":"2026-04-28T23:48:39","slug":"apple-macbook-pro-a2289","status":"publish","type":"product","link":"https:\/\/computecnectonic.com\/?product=apple-macbook-pro-a2289","title":{"rendered":"Apple MacBook Pro A2289"},"content":{"rendered":"<p>\u00a1Lleva tu productividad y creatividad al siguiente nivel con la MacBook Pro A2289! Elegancia, potencia y rendimiento en un solo dispositivo.<br data-start=\"231\" data-end=\"234\" \/>\u00a0Equipada con un procesador Intel Core i5, pantalla Retina de 13.3 pulgadas y 4 GB de RAM, esta laptop est\u00e1 lista para cualquier\u00a0 \u00a0tarea, ideal para profecionales de dise\u00f1o gr\u00e1fico, fotograf\u00eda y edic\u00edon de video.<br data-start=\"386\" data-end=\"389\" \/>\u00a0Con una unidad SSD ultrarr\u00e1pida, tendr\u00e1s un arranque instant\u00e1neo y un rendimiento fluido para multitarea sin esfuerzo. Adem\u00e1s, su\u00a0 \u00a0dise\u00f1o delgado y liviano te acompa\u00f1a a donde vayas.<br data-start=\"581\" data-end=\"584\" \/>\u00a0\u00a1Hazla tuya hoy mismo! Potencia, estilo y eficiencia en la MacBook Pro A2289. \u00a1Compra ahora y mejora tu experiencia!<\/p>\n","protected":false},"excerpt":{"rendered":"<p>Apple MacBook Pro A 2289<\/p>\n<p>Core I5-8259U<\/p>\n<p>Memoria Ram $ GB<\/p>\n<p>Disco Duro SSD 250 GB<\/p>\n<p>Pantalla de 13&#8243;<\/p>\n<p>Plateado<\/p>\n","protected":false},"featured_media":2785,"comment_status":"open","ping_status":"closed","template":"","meta":{"_uag_custom_page_level_css":"","site-sidebar-layout":"default","site-content-layout":"","ast-site-content-layout":"default","site-content-style":"default","site-sidebar-style":"default","ast-global-header-display":"","ast-banner-title-visibility":"","ast-main-header-display":"","ast-hfb-above-header-display":"","ast-hfb-below-header-display":"","ast-hfb-mobile-header-display":"","site-post-title":"","ast-breadcrumbs-content":"","ast-featured-img":"","footer-sml-layout":"","ast-disable-related-posts":"","theme-transparent-header-meta":"default","adv-header-id-meta":"","stick-header-meta":"","header-above-stick-meta":"","header-main-stick-meta":"","header-below-stick-meta":"","astra-migrate-meta-layouts":"set","ast-page-background-enabled":"default","ast-page-background-meta":{"desktop":{"background-color":"var(--ast-global-color-4)","background-image":"","background-repeat":"repeat","background-position":"center center","background-size":"auto","background-attachment":"scroll","background-type":"","background-media":"","overlay-type":"","overlay-color":"","overlay-opacity":"","overlay-gradient":""},"tablet":{"background-color":"","background-image":"","background-repeat":"repeat","background-position":"center center","background-size":"auto","background-attachment":"scroll","background-type":"","background-media":"","overlay-type":"","overlay-color":"","overlay-opacity":"","overlay-gradient":""},"mobile":{"background-color":"","background-image":"","background-repeat":"repeat","background-position":"center center","background-size":"auto","background-attachment":"scroll","background-type":"","background-media":"","overlay-type":"","overlay-color":"","overlay-opacity":"","overlay-gradient":""}},"ast-content-background-meta":{"desktop":{"background-color":"var(--ast-global-color-5)","background-image":"","background-repeat":"repeat","background-position":"center center","background-size":"auto","background-attachment":"scroll","background-type":"","background-media":"","overlay-type":"","overlay-color":"","overlay-opacity":"","overlay-gradient":""},"tablet":{"background-color":"var(--ast-global-color-5)","background-image":"","background-repeat":"repeat","background-position":"center center","background-size":"auto","background-attachment":"scroll","background-type":"","background-media":"","overlay-type":"","overlay-color":"","overlay-opacity":"","overlay-gradient":""},"mobile":{"background-color":"var(--ast-global-color-5)","background-image":"","background-repeat":"repeat","background-position":"center center","background-size":"auto","background-attachment":"scroll","background-type":"","background-media":"","overlay-type":"","overlay-color":"","overlay-opacity":"","overlay-gradient":""}}},"product_brand":[],"product_cat":[29],"product_tag":[],"class_list":{"0":"post-2091","1":"product","2":"type-product","3":"status-publish","4":"has-post-thumbnail","6":"product_cat-laptop","7":"desktop-align-center","8":"tablet-align-left","9":"mobile-align-left","11":"first","12":"instock","13":"sale","14":"shipping-taxable","15":"purchasable","16":"product-type-simple"},"aioseo_notices":[],"uagb_featured_image_src":{"full":["https:\/\/computecnectonic.com\/wp-content\/uploads\/2025\/02\/4E81D6A1-B7D3-45FA-AC87-73FE80E37F15.png",1254,1254,false],"thumbnail":["https:\/\/computecnectonic.com\/wp-content\/uploads\/2025\/02\/4E81D6A1-B7D3-45FA-AC87-73FE80E37F15-150x150.png",150,150,true],"medium":["https:\/\/computecnectonic.com\/wp-content\/uploads\/2025\/02\/4E81D6A1-B7D3-45FA-AC87-73FE80E37F15-300x300.png",300,300,true],"medium_large":["https:\/\/computecnectonic.com\/wp-content\/uploads\/2025\/02\/4E81D6A1-B7D3-45FA-AC87-73FE80E37F15-768x768.png",768,768,true],"large":["https:\/\/computecnectonic.com\/wp-content\/uploads\/2025\/02\/4E81D6A1-B7D3-45FA-AC87-73FE80E37F15-1024x1024.png",1024,1024,true],"1536x1536":["https:\/\/computecnectonic.com\/wp-content\/uploads\/2025\/02\/4E81D6A1-B7D3-45FA-AC87-73FE80E37F15.png",1254,1254,false],"2048x2048":["https:\/\/computecnectonic.com\/wp-content\/uploads\/2025\/02\/4E81D6A1-B7D3-45FA-AC87-73FE80E37F15.png",1254,1254,false],"woocommerce_thumbnail":["https:\/\/computecnectonic.com\/wp-content\/uploads\/2025\/02\/4E81D6A1-B7D3-45FA-AC87-73FE80E37F15-300x300.png",300,300,true],"woocommerce_single":["https:\/\/computecnectonic.com\/wp-content\/uploads\/2025\/02\/4E81D6A1-B7D3-45FA-AC87-73FE80E37F15-600x600.png",600,600,true],"woocommerce_gallery_thumbnail":["https:\/\/computecnectonic.com\/wp-content\/uploads\/2025\/02\/4E81D6A1-B7D3-45FA-AC87-73FE80E37F15-100x100.png",100,100,true],"dgwt-wcas-product-suggestion":["https:\/\/computecnectonic.com\/wp-content\/uploads\/2025\/02\/4E81D6A1-B7D3-45FA-AC87-73FE80E37F15-64x64.png",64,64,true]},"uagb_author_info":{"display_name":"axel suxo","author_link":"https:\/\/computecnectonic.com\/?author=0"},"uagb_comment_info":0,"uagb_excerpt":"Apple MacBook Pro A 2289 Core I5-8259U Memoria Ram $ GB Disco Duro SSD 250 GB Pantalla de 13\" Plateado","_links":{"self":[{"href":"https:\/\/computecnectonic.com\/index.php?rest_route=\/wp\/v2\/product\/2091","targetHints":{"allow":["GET"]}}],"collection":[{"href":"https:\/\/computecnectonic.com\/index.php?rest_route=\/wp\/v2\/product"}],"about":[{"href":"https:\/\/computecnectonic.com\/index.php?rest_route=\/wp\/v2\/types\/product"}],"replies":[{"embeddable":true,"href":"https:\/\/computecnectonic.com\/index.php?rest_route=%2Fwp%2Fv2%2Fcomments&post=2091"}],"wp:featuredmedia":[{"embeddable":true,"href":"https:\/\/computecnectonic.com\/index.php?rest_route=\/wp\/v2\/media\/2785"}],"wp:attachment":[{"href":"https:\/\/computecnectonic.com\/index.php?rest_route=%2Fwp%2Fv2%2Fmedia&parent=2091"}],"wp:term":[{"taxonomy":"product_brand","embeddable":true,"href":"https:\/\/computecnectonic.com\/index.php?rest_route=%2Fwp%2Fv2%2Fproduct_brand&post=2091"},{"taxonomy":"product_cat","embeddable":true,"href":"https:\/\/computecnectonic.com\/index.php?rest_route=%2Fwp%2Fv2%2Fproduct_cat&post=2091"},{"taxonomy":"product_tag","embeddable":true,"href":"https:\/\/computecnectonic.com\/index.php?rest_route=%2Fwp%2Fv2%2Fproduct_tag&post=2091"}],"curies":[{"name":"wp","href":"https:\/\/api.w.org\/{rel}","templated":true}]}}