{"id":2095,"date":"2025-02-25T15:32:13","date_gmt":"2025-02-25T21:32:13","guid":{"rendered":"https:\/\/computecnectonic.com\/?post_type=product&#038;p=2095"},"modified":"2026-04-28T18:13:17","modified_gmt":"2026-04-29T00:13:17","slug":"apple-ipad-pro-11-3era-generacion","status":"publish","type":"product","link":"https:\/\/computecnectonic.com\/?product=apple-ipad-pro-11-3era-generacion","title":{"rendered":"Apple iPad Pro 11 3era Generacion"},"content":{"rendered":"<p>\u00a1Descubre el poder del iPad Pro de 3era generaci\u00f3n! El dispositivo ideal para quienes buscan rendimiento y versatilidad en un solo\u00a0 \u00a0 \u00a0equipo.<br data-start=\"253\" data-end=\"256\" \/>\u00a0Con su pantalla Liquid Retina de 11 pulgadas ofreciendote colores vivos y detalles n\u00edtidos, es perfecto para tareas profesionales, juegos, dise\u00f1o gr\u00e1fico\u00a0 \u00a0y editores.<br data-start=\"424\" data-end=\"427\" \/>\u00a0Con compatibilidad para el Apple Pencil de 2da generaci\u00f3n, lleva tus ideas m\u00e1s lejos con facilidad. Adem\u00e1s,\u00a0 \u00a0su c\u00e1mara y audio de alta calidad te brindan una experiencia visual y auditiva incre\u00edble.<br data-start=\"670\" data-end=\"673\" \/>\u00a0\u00a1Hazte con el iPad Pro de 3era generaci\u00f3n ahora! Potencia, creatividad y flexibilidad al alcance de tu mano. \u00a1Compra hoy mismo!<\/p>\n","protected":false},"excerpt":{"rendered":"<p>Apple iPad Proo 11 3ra Generacion<\/p>\n<p>128GB de Ram<\/p>\n<p>Ancho: 178.5mm<\/p>\n<p>Profundidad: 5.9 mm<\/p>\n<p>Peso: 466 gramos<\/p>\n<p>En color gris espacial<\/p>\n<p>&nbsp;<\/p>\n","protected":false},"featured_media":2787,"comment_status":"open","ping_status":"closed","template":"","meta":{"_uag_custom_page_level_css":"","site-sidebar-layout":"default","site-content-layout":"","ast-site-content-layout":"default","site-content-style":"default","site-sidebar-style":"default","ast-global-header-display":"","ast-banner-title-visibility":"","ast-main-header-display":"","ast-hfb-above-header-display":"","ast-hfb-below-header-display":"","ast-hfb-mobile-header-display":"","site-post-title":"","ast-breadcrumbs-content":"","ast-featured-img":"","footer-sml-layout":"","ast-disable-related-posts":"","theme-transparent-header-meta":"default","adv-header-id-meta":"","stick-header-meta":"","header-above-stick-meta":"","header-main-stick-meta":"","header-below-stick-meta":"","astra-migrate-meta-layouts":"set","ast-page-background-enabled":"default","ast-page-background-meta":{"desktop":{"background-color":"var(--ast-global-color-4)","background-image":"","background-repeat":"repeat","background-position":"center center","background-size":"auto","background-attachment":"scroll","background-type":"","background-media":"","overlay-type":"","overlay-color":"","overlay-opacity":"","overlay-gradient":""},"tablet":{"background-color":"","background-image":"","background-repeat":"repeat","background-position":"center center","background-size":"auto","background-attachment":"scroll","background-type":"","background-media":"","overlay-type":"","overlay-color":"","overlay-opacity":"","overlay-gradient":""},"mobile":{"background-color":"","background-image":"","background-repeat":"repeat","background-position":"center center","background-size":"auto","background-attachment":"scroll","background-type":"","background-media":"","overlay-type":"","overlay-color":"","overlay-opacity":"","overlay-gradient":""}},"ast-content-background-meta":{"desktop":{"background-color":"var(--ast-global-color-5)","background-image":"","background-repeat":"repeat","background-position":"center center","background-size":"auto","background-attachment":"scroll","background-type":"","background-media":"","overlay-type":"","overlay-color":"","overlay-opacity":"","overlay-gradient":""},"tablet":{"background-color":"var(--ast-global-color-5)","background-image":"","background-repeat":"repeat","background-position":"center center","background-size":"auto","background-attachment":"scroll","background-type":"","background-media":"","overlay-type":"","overlay-color":"","overlay-opacity":"","overlay-gradient":""},"mobile":{"background-color":"var(--ast-global-color-5)","background-image":"","background-repeat":"repeat","background-position":"center center","background-size":"auto","background-attachment":"scroll","background-type":"","background-media":"","overlay-type":"","overlay-color":"","overlay-opacity":"","overlay-gradient":""}}},"product_brand":[],"product_cat":[30],"product_tag":[],"class_list":{"0":"post-2095","1":"product","2":"type-product","3":"status-publish","4":"has-post-thumbnail","6":"product_cat-tablet","7":"desktop-align-center","8":"tablet-align-left","9":"mobile-align-left","11":"first","12":"instock","13":"sale","14":"shipping-taxable","15":"purchasable","16":"product-type-simple"},"aioseo_notices":[],"uagb_featured_image_src":{"full":["https:\/\/computecnectonic.com\/wp-content\/uploads\/2025\/02\/E2B467BD-FCAD-4888-8892-BA5246492145.png",1254,1254,false],"thumbnail":["https:\/\/computecnectonic.com\/wp-content\/uploads\/2025\/02\/E2B467BD-FCAD-4888-8892-BA5246492145-150x150.png",150,150,true],"medium":["https:\/\/computecnectonic.com\/wp-content\/uploads\/2025\/02\/E2B467BD-FCAD-4888-8892-BA5246492145-300x300.png",300,300,true],"medium_large":["https:\/\/computecnectonic.com\/wp-content\/uploads\/2025\/02\/E2B467BD-FCAD-4888-8892-BA5246492145-768x768.png",768,768,true],"large":["https:\/\/computecnectonic.com\/wp-content\/uploads\/2025\/02\/E2B467BD-FCAD-4888-8892-BA5246492145-1024x1024.png",1024,1024,true],"1536x1536":["https:\/\/computecnectonic.com\/wp-content\/uploads\/2025\/02\/E2B467BD-FCAD-4888-8892-BA5246492145.png",1254,1254,false],"2048x2048":["https:\/\/computecnectonic.com\/wp-content\/uploads\/2025\/02\/E2B467BD-FCAD-4888-8892-BA5246492145.png",1254,1254,false],"woocommerce_thumbnail":["https:\/\/computecnectonic.com\/wp-content\/uploads\/2025\/02\/E2B467BD-FCAD-4888-8892-BA5246492145-300x300.png",300,300,true],"woocommerce_single":["https:\/\/computecnectonic.com\/wp-content\/uploads\/2025\/02\/E2B467BD-FCAD-4888-8892-BA5246492145-600x600.png",600,600,true],"woocommerce_gallery_thumbnail":["https:\/\/computecnectonic.com\/wp-content\/uploads\/2025\/02\/E2B467BD-FCAD-4888-8892-BA5246492145-100x100.png",100,100,true],"dgwt-wcas-product-suggestion":["https:\/\/computecnectonic.com\/wp-content\/uploads\/2025\/02\/E2B467BD-FCAD-4888-8892-BA5246492145-64x64.png",64,64,true]},"uagb_author_info":{"display_name":"axel suxo","author_link":"https:\/\/computecnectonic.com\/?author=0"},"uagb_comment_info":0,"uagb_excerpt":"Apple iPad Proo 11 3ra Generacion 128GB de Ram Ancho: 178.5mm Profundidad: 5.9 mm Peso: 466 gramos En color gris espacial &nbsp;","_links":{"self":[{"href":"https:\/\/computecnectonic.com\/index.php?rest_route=\/wp\/v2\/product\/2095","targetHints":{"allow":["GET"]}}],"collection":[{"href":"https:\/\/computecnectonic.com\/index.php?rest_route=\/wp\/v2\/product"}],"about":[{"href":"https:\/\/computecnectonic.com\/index.php?rest_route=\/wp\/v2\/types\/product"}],"replies":[{"embeddable":true,"href":"https:\/\/computecnectonic.com\/index.php?rest_route=%2Fwp%2Fv2%2Fcomments&post=2095"}],"wp:featuredmedia":[{"embeddable":true,"href":"https:\/\/computecnectonic.com\/index.php?rest_route=\/wp\/v2\/media\/2787"}],"wp:attachment":[{"href":"https:\/\/computecnectonic.com\/index.php?rest_route=%2Fwp%2Fv2%2Fmedia&parent=2095"}],"wp:term":[{"taxonomy":"product_brand","embeddable":true,"href":"https:\/\/computecnectonic.com\/index.php?rest_route=%2Fwp%2Fv2%2Fproduct_brand&post=2095"},{"taxonomy":"product_cat","embeddable":true,"href":"https:\/\/computecnectonic.com\/index.php?rest_route=%2Fwp%2Fv2%2Fproduct_cat&post=2095"},{"taxonomy":"product_tag","embeddable":true,"href":"https:\/\/computecnectonic.com\/index.php?rest_route=%2Fwp%2Fv2%2Fproduct_tag&post=2095"}],"curies":[{"name":"wp","href":"https:\/\/api.w.org\/{rel}","templated":true}]}}