{"id":2111,"date":"2025-02-25T18:36:00","date_gmt":"2025-02-26T00:36:00","guid":{"rendered":"https:\/\/computecnectonic.com\/?post_type=product&#038;p=2111"},"modified":"2026-04-29T13:17:10","modified_gmt":"2026-04-29T19:17:10","slug":"monitor-hp-28-8-pulgadas-sin-marco","status":"publish","type":"product","link":"https:\/\/computecnectonic.com\/?product=monitor-hp-28-8-pulgadas-sin-marco","title":{"rendered":"Monitor HP 23.8 Pulgadas"},"content":{"rendered":"<p>\u00a1Transforma tu experiencia visual con el Monitor HP Z24nf de 23.8 pulgadas! Ideal para profesionales y creativos que buscan claridad\u00a0 \u00a0y precisi\u00f3n.<br data-start=\"266\" data-end=\"269\" \/>\u00a0Con una resoluci\u00f3n Full HD (1920&#215;1080) y una pantalla IPS, disfruta de colores vibrantes y \u00e1ngulos de visi\u00f3n amplios, perfectos para\u00a0 \u00a0proyectos de dise\u00f1o, trabajo de oficina y entretenimiento.<br data-start=\"473\" data-end=\"476\" \/>\u00a0Su dise\u00f1o sin bordes y ajuste ergon\u00f3mico, que permite inclinar, girar y ajustar la altura, asegura una experiencia c\u00f3moda durante\u00a0 \u00a0todo\u00a0 el d\u00eda. Adem\u00e1s, su tecnolog\u00eda antirreflejo reduce la fatiga ocular.<br data-start=\"689\" data-end=\"692\" \/>\u00a0\u00a1Hazte con el HP Z24nf de 23.8 pulgadas hoy mismo! Eleva tu productividad y confort con un monitor de calidad superior. \u00a1Compra\u00a0 \u00a0ahora!<\/p>\n","protected":false},"excerpt":{"rendered":"<p>Monitor HP Z24nf de 23.8 pulgadas<\/p>\n<p>Marca: HP<\/p>\n<p>FHD\/1920x1080P<\/p>\n<p>Mini DP, HDMI, DVI<\/p>\n<p>Sin marco<\/p>\n<p>Reacondicionado<\/p>\n<p>&nbsp;<\/p>\n","protected":false},"featured_media":2794,"comment_status":"open","ping_status":"closed","template":"","meta":{"_uag_custom_page_level_css":"","site-sidebar-layout":"default","site-content-layout":"","ast-site-content-layout":"default","site-content-style":"default","site-sidebar-style":"default","ast-global-header-display":"","ast-banner-title-visibility":"","ast-main-header-display":"","ast-hfb-above-header-display":"","ast-hfb-below-header-display":"","ast-hfb-mobile-header-display":"","site-post-title":"","ast-breadcrumbs-content":"","ast-featured-img":"","footer-sml-layout":"","ast-disable-related-posts":"","theme-transparent-header-meta":"default","adv-header-id-meta":"","stick-header-meta":"","header-above-stick-meta":"","header-main-stick-meta":"","header-below-stick-meta":"","astra-migrate-meta-layouts":"set","ast-page-background-enabled":"default","ast-page-background-meta":{"desktop":{"background-color":"var(--ast-global-color-4)","background-image":"","background-repeat":"repeat","background-position":"center center","background-size":"auto","background-attachment":"scroll","background-type":"","background-media":"","overlay-type":"","overlay-color":"","overlay-opacity":"","overlay-gradient":""},"tablet":{"background-color":"","background-image":"","background-repeat":"repeat","background-position":"center center","background-size":"auto","background-attachment":"scroll","background-type":"","background-media":"","overlay-type":"","overlay-color":"","overlay-opacity":"","overlay-gradient":""},"mobile":{"background-color":"","background-image":"","background-repeat":"repeat","background-position":"center center","background-size":"auto","background-attachment":"scroll","background-type":"","background-media":"","overlay-type":"","overlay-color":"","overlay-opacity":"","overlay-gradient":""}},"ast-content-background-meta":{"desktop":{"background-color":"var(--ast-global-color-5)","background-image":"","background-repeat":"repeat","background-position":"center center","background-size":"auto","background-attachment":"scroll","background-type":"","background-media":"","overlay-type":"","overlay-color":"","overlay-opacity":"","overlay-gradient":""},"tablet":{"background-color":"var(--ast-global-color-5)","background-image":"","background-repeat":"repeat","background-position":"center center","background-size":"auto","background-attachment":"scroll","background-type":"","background-media":"","overlay-type":"","overlay-color":"","overlay-opacity":"","overlay-gradient":""},"mobile":{"background-color":"var(--ast-global-color-5)","background-image":"","background-repeat":"repeat","background-position":"center center","background-size":"auto","background-attachment":"scroll","background-type":"","background-media":"","overlay-type":"","overlay-color":"","overlay-opacity":"","overlay-gradient":""}}},"product_brand":[],"product_cat":[33],"product_tag":[],"class_list":{"0":"post-2111","1":"product","2":"type-product","3":"status-publish","4":"has-post-thumbnail","6":"product_cat-monitor","7":"desktop-align-center","8":"tablet-align-left","9":"mobile-align-left","11":"first","12":"instock","13":"sale","14":"shipping-taxable","15":"purchasable","16":"product-type-simple"},"aioseo_notices":[],"uagb_featured_image_src":{"full":["https:\/\/computecnectonic.com\/wp-content\/uploads\/2025\/02\/548B5968-24EB-4E86-A4CC-F114C12B0C82.png",1254,1254,false],"thumbnail":["https:\/\/computecnectonic.com\/wp-content\/uploads\/2025\/02\/548B5968-24EB-4E86-A4CC-F114C12B0C82-150x150.png",150,150,true],"medium":["https:\/\/computecnectonic.com\/wp-content\/uploads\/2025\/02\/548B5968-24EB-4E86-A4CC-F114C12B0C82-300x300.png",300,300,true],"medium_large":["https:\/\/computecnectonic.com\/wp-content\/uploads\/2025\/02\/548B5968-24EB-4E86-A4CC-F114C12B0C82-768x768.png",768,768,true],"large":["https:\/\/computecnectonic.com\/wp-content\/uploads\/2025\/02\/548B5968-24EB-4E86-A4CC-F114C12B0C82-1024x1024.png",1024,1024,true],"1536x1536":["https:\/\/computecnectonic.com\/wp-content\/uploads\/2025\/02\/548B5968-24EB-4E86-A4CC-F114C12B0C82.png",1254,1254,false],"2048x2048":["https:\/\/computecnectonic.com\/wp-content\/uploads\/2025\/02\/548B5968-24EB-4E86-A4CC-F114C12B0C82.png",1254,1254,false],"woocommerce_thumbnail":["https:\/\/computecnectonic.com\/wp-content\/uploads\/2025\/02\/548B5968-24EB-4E86-A4CC-F114C12B0C82-300x300.png",300,300,true],"woocommerce_single":["https:\/\/computecnectonic.com\/wp-content\/uploads\/2025\/02\/548B5968-24EB-4E86-A4CC-F114C12B0C82-600x600.png",600,600,true],"woocommerce_gallery_thumbnail":["https:\/\/computecnectonic.com\/wp-content\/uploads\/2025\/02\/548B5968-24EB-4E86-A4CC-F114C12B0C82-100x100.png",100,100,true],"dgwt-wcas-product-suggestion":["https:\/\/computecnectonic.com\/wp-content\/uploads\/2025\/02\/548B5968-24EB-4E86-A4CC-F114C12B0C82-64x64.png",64,64,true]},"uagb_author_info":{"display_name":"axel suxo","author_link":"https:\/\/computecnectonic.com\/?author=0"},"uagb_comment_info":0,"uagb_excerpt":"Monitor HP Z24nf de 23.8 pulgadas Marca: HP FHD\/1920x1080P Mini DP, HDMI, DVI Sin marco Reacondicionado &nbsp;","_links":{"self":[{"href":"https:\/\/computecnectonic.com\/index.php?rest_route=\/wp\/v2\/product\/2111","targetHints":{"allow":["GET"]}}],"collection":[{"href":"https:\/\/computecnectonic.com\/index.php?rest_route=\/wp\/v2\/product"}],"about":[{"href":"https:\/\/computecnectonic.com\/index.php?rest_route=\/wp\/v2\/types\/product"}],"replies":[{"embeddable":true,"href":"https:\/\/computecnectonic.com\/index.php?rest_route=%2Fwp%2Fv2%2Fcomments&post=2111"}],"wp:featuredmedia":[{"embeddable":true,"href":"https:\/\/computecnectonic.com\/index.php?rest_route=\/wp\/v2\/media\/2794"}],"wp:attachment":[{"href":"https:\/\/computecnectonic.com\/index.php?rest_route=%2Fwp%2Fv2%2Fmedia&parent=2111"}],"wp:term":[{"taxonomy":"product_brand","embeddable":true,"href":"https:\/\/computecnectonic.com\/index.php?rest_route=%2Fwp%2Fv2%2Fproduct_brand&post=2111"},{"taxonomy":"product_cat","embeddable":true,"href":"https:\/\/computecnectonic.com\/index.php?rest_route=%2Fwp%2Fv2%2Fproduct_cat&post=2111"},{"taxonomy":"product_tag","embeddable":true,"href":"https:\/\/computecnectonic.com\/index.php?rest_route=%2Fwp%2Fv2%2Fproduct_tag&post=2111"}],"curies":[{"name":"wp","href":"https:\/\/api.w.org\/{rel}","templated":true}]}}