{"id":2245,"date":"2025-09-03T13:48:49","date_gmt":"2025-09-03T19:48:49","guid":{"rendered":"https:\/\/computecnectonic.com\/?post_type=product&#038;p=2245"},"modified":"2026-04-29T13:54:37","modified_gmt":"2026-04-29T19:54:37","slug":"dell-optiplex-9020","status":"publish","type":"product","link":"https:\/\/computecnectonic.com\/?product=dell-optiplex-9020","title":{"rendered":"Dell Optiplex 9020 32-980 Core i7-4"},"content":{"rendered":"<p>Maximiza tu rendimiento a nivel profecional con un dise\u00f1o compacto y confiable. Dell Optiplex 9020 combina potencia, velocidad y eficiencia para ofrecer una experiencia fluida en las tareas m\u00e1s exigentes como edici\u00f3n b\u00e1sica, an\u00e1lisis de datos.<\/p>\n<p>Dell Optiplex 9020 es un equipo muititarea para trabajo de oficina avanzado, equipado con un procesador Intel Core i7 de cuarta generaci\u00f3n y hasta 32 GB de memoria RAM con un almacenamiento rapido SSD de 900 GB, es la soluci\u00f3n ideal para quienes buscan productividad sin interrupciones.<\/p>\n<p>\u00a1Hazte con el Optiplex 9020 hoy mismo! un equipo confiable y potente para elevar tu productividad.<\/p>\n<p>\u00a1Compra ahora!<\/p>\n","protected":false},"excerpt":{"rendered":"<p>Dell Optiplex 9020<\/p>\n<p>Intel Core i7-4770 \u00b04ta generaci\u00f3n<\/p>\n<p>\u00b04 n\u00facleos \/ 8 hilos \u00b0Frecuencia base: 3.4 GHz<\/p>\n<p>Memoria RAM: 32GB DDR3 (ampliable)<\/p>\n<p>Almacenamiento: 980 GB SSD<\/p>\n<p>Gr\u00e1ficos: Intel HD Grafhics 4600 integrados<\/p>\n<p>Sistema Operativo: Windows 10 pro \/ Windows 11 pro<\/p>\n<p>Factor de forma: Small Form Factor (SFF)<\/p>\n<p>&nbsp;<\/p>\n","protected":false},"featured_media":2797,"comment_status":"open","ping_status":"closed","template":"","meta":{"_uag_custom_page_level_css":"","site-sidebar-layout":"default","site-content-layout":"","ast-site-content-layout":"default","site-content-style":"default","site-sidebar-style":"default","ast-global-header-display":"","ast-banner-title-visibility":"","ast-main-header-display":"","ast-hfb-above-header-display":"","ast-hfb-below-header-display":"","ast-hfb-mobile-header-display":"","site-post-title":"","ast-breadcrumbs-content":"","ast-featured-img":"","footer-sml-layout":"","ast-disable-related-posts":"","theme-transparent-header-meta":"default","adv-header-id-meta":"","stick-header-meta":"","header-above-stick-meta":"","header-main-stick-meta":"","header-below-stick-meta":"","astra-migrate-meta-layouts":"set","ast-page-background-enabled":"default","ast-page-background-meta":{"desktop":{"background-color":"var(--ast-global-color-4)","background-image":"","background-repeat":"repeat","background-position":"center center","background-size":"auto","background-attachment":"scroll","background-type":"","background-media":"","overlay-type":"","overlay-color":"","overlay-opacity":"","overlay-gradient":""},"tablet":{"background-color":"","background-image":"","background-repeat":"repeat","background-position":"center center","background-size":"auto","background-attachment":"scroll","background-type":"","background-media":"","overlay-type":"","overlay-color":"","overlay-opacity":"","overlay-gradient":""},"mobile":{"background-color":"","background-image":"","background-repeat":"repeat","background-position":"center center","background-size":"auto","background-attachment":"scroll","background-type":"","background-media":"","overlay-type":"","overlay-color":"","overlay-opacity":"","overlay-gradient":""}},"ast-content-background-meta":{"desktop":{"background-color":"var(--ast-global-color-5)","background-image":"","background-repeat":"repeat","background-position":"center center","background-size":"auto","background-attachment":"scroll","background-type":"","background-media":"","overlay-type":"","overlay-color":"","overlay-opacity":"","overlay-gradient":""},"tablet":{"background-color":"var(--ast-global-color-5)","background-image":"","background-repeat":"repeat","background-position":"center center","background-size":"auto","background-attachment":"scroll","background-type":"","background-media":"","overlay-type":"","overlay-color":"","overlay-opacity":"","overlay-gradient":""},"mobile":{"background-color":"var(--ast-global-color-5)","background-image":"","background-repeat":"repeat","background-position":"center center","background-size":"auto","background-attachment":"scroll","background-type":"","background-media":"","overlay-type":"","overlay-color":"","overlay-opacity":"","overlay-gradient":""}}},"product_brand":[],"product_cat":[32],"product_tag":[],"class_list":{"0":"post-2245","1":"product","2":"type-product","3":"status-publish","4":"has-post-thumbnail","6":"product_cat-cpu","7":"desktop-align-center","8":"tablet-align-left","9":"mobile-align-left","11":"first","12":"instock","13":"sale","14":"shipping-taxable","15":"purchasable","16":"product-type-simple"},"aioseo_notices":[],"uagb_featured_image_src":{"full":["https:\/\/computecnectonic.com\/wp-content\/uploads\/2025\/09\/A5A4C67C-A11D-44BC-9EFF-AB391835CAC2.png",1254,1254,false],"thumbnail":["https:\/\/computecnectonic.com\/wp-content\/uploads\/2025\/09\/A5A4C67C-A11D-44BC-9EFF-AB391835CAC2-150x150.png",150,150,true],"medium":["https:\/\/computecnectonic.com\/wp-content\/uploads\/2025\/09\/A5A4C67C-A11D-44BC-9EFF-AB391835CAC2-300x300.png",300,300,true],"medium_large":["https:\/\/computecnectonic.com\/wp-content\/uploads\/2025\/09\/A5A4C67C-A11D-44BC-9EFF-AB391835CAC2-768x768.png",768,768,true],"large":["https:\/\/computecnectonic.com\/wp-content\/uploads\/2025\/09\/A5A4C67C-A11D-44BC-9EFF-AB391835CAC2-1024x1024.png",1024,1024,true],"1536x1536":["https:\/\/computecnectonic.com\/wp-content\/uploads\/2025\/09\/A5A4C67C-A11D-44BC-9EFF-AB391835CAC2.png",1254,1254,false],"2048x2048":["https:\/\/computecnectonic.com\/wp-content\/uploads\/2025\/09\/A5A4C67C-A11D-44BC-9EFF-AB391835CAC2.png",1254,1254,false],"woocommerce_thumbnail":["https:\/\/computecnectonic.com\/wp-content\/uploads\/2025\/09\/A5A4C67C-A11D-44BC-9EFF-AB391835CAC2-300x300.png",300,300,true],"woocommerce_single":["https:\/\/computecnectonic.com\/wp-content\/uploads\/2025\/09\/A5A4C67C-A11D-44BC-9EFF-AB391835CAC2-600x600.png",600,600,true],"woocommerce_gallery_thumbnail":["https:\/\/computecnectonic.com\/wp-content\/uploads\/2025\/09\/A5A4C67C-A11D-44BC-9EFF-AB391835CAC2-100x100.png",100,100,true],"dgwt-wcas-product-suggestion":["https:\/\/computecnectonic.com\/wp-content\/uploads\/2025\/09\/A5A4C67C-A11D-44BC-9EFF-AB391835CAC2-64x64.png",64,64,true]},"uagb_author_info":{"display_name":"axel suxo","author_link":"https:\/\/computecnectonic.com\/?author=0"},"uagb_comment_info":0,"uagb_excerpt":"Dell Optiplex 9020 Intel Core i7-4770 \u00b04ta generaci\u00f3n \u00b04 n\u00facleos \/ 8 hilos \u00b0Frecuencia base: 3.4 GHz Memoria RAM: 32GB DDR3 (ampliable) Almacenamiento: 980 GB SSD Gr\u00e1ficos: Intel HD Grafhics 4600 integrados Sistema Operativo: Windows 10 pro \/ Windows 11 pro Factor de forma: Small Form Factor (SFF) &nbsp;","_links":{"self":[{"href":"https:\/\/computecnectonic.com\/index.php?rest_route=\/wp\/v2\/product\/2245","targetHints":{"allow":["GET"]}}],"collection":[{"href":"https:\/\/computecnectonic.com\/index.php?rest_route=\/wp\/v2\/product"}],"about":[{"href":"https:\/\/computecnectonic.com\/index.php?rest_route=\/wp\/v2\/types\/product"}],"replies":[{"embeddable":true,"href":"https:\/\/computecnectonic.com\/index.php?rest_route=%2Fwp%2Fv2%2Fcomments&post=2245"}],"wp:featuredmedia":[{"embeddable":true,"href":"https:\/\/computecnectonic.com\/index.php?rest_route=\/wp\/v2\/media\/2797"}],"wp:attachment":[{"href":"https:\/\/computecnectonic.com\/index.php?rest_route=%2Fwp%2Fv2%2Fmedia&parent=2245"}],"wp:term":[{"taxonomy":"product_brand","embeddable":true,"href":"https:\/\/computecnectonic.com\/index.php?rest_route=%2Fwp%2Fv2%2Fproduct_brand&post=2245"},{"taxonomy":"product_cat","embeddable":true,"href":"https:\/\/computecnectonic.com\/index.php?rest_route=%2Fwp%2Fv2%2Fproduct_cat&post=2245"},{"taxonomy":"product_tag","embeddable":true,"href":"https:\/\/computecnectonic.com\/index.php?rest_route=%2Fwp%2Fv2%2Fproduct_tag&post=2245"}],"curies":[{"name":"wp","href":"https:\/\/api.w.org\/{rel}","templated":true}]}}