{"id":2250,"date":"2025-09-03T16:14:09","date_gmt":"2025-09-03T22:14:09","guid":{"rendered":"https:\/\/computecnectonic.com\/?post_type=product&#038;p=2250"},"modified":"2026-05-01T17:46:16","modified_gmt":"2026-05-01T23:46:16","slug":"dell-optiplex-5070","status":"publish","type":"product","link":"https:\/\/computecnectonic.com\/?product=dell-optiplex-5070","title":{"rendered":"Dell Optiplex 5070 8-250 Core i5-9"},"content":{"rendered":"<p>Maximiza tu rendimiento profecional con la CPU Dell OptiPlex 5070 que es una computadora de escritorio de alto rendimiento dise\u00f1ada para brindar productividad, seguridad y eficiencia en entornos profecionales\u00a0 exigentes. Impulsado por un procesador Intel Core i5 de 9na. generaci\u00f3n con hasta 6 nucleos, est\u00e9 equipo proporciona un rendimiento s\u00f3lido y estable. Con capacidad para ejecutar multiples aplicaciones de forma fluida, incluyendo programas de oficina, video llamadas, navegaci\u00f3n con multiples pesta\u00f1as abiertas, sistemas administrativos y m\u00e1s.<\/p>\n<p>Sus 8 GB de memoria RAM DDR4, te permitir\u00e1 trabajar de forma multitarea sin interrupciones ni demoras. Su disco s\u00f3lido SSD de 256GB mejora considerablemente la velocidad general del sistema operativo.<\/p>\n<p>\u00a1Hazte del CPU Dell Optiplex 5070 hoy mismo! un equipo confiable y potente.<\/p>\n<p>Eleva t\u00fa productividad \u00a1Compra ahora!<\/p>\n","protected":false},"excerpt":{"rendered":"<p>Procesador: Intel Core I5 de 9na. generacion (i5-9500 o similar) con hasta 6 n\u00facleos y velocidades turbo de hasta 4.4 GHz.<\/p>\n<p>Memoria RAM: 8GB DDR4 (expandible hasta 64GB)<\/p>\n<p>Almacenamiento: SSD de 250GB de alta velocidad, resistente a golpes.<\/p>\n<p>Graficos: Intel UHD Graphics 630 integrados, soporta m\u00faltiples monitores de alta definici\u00f3n<\/p>\n<p>Puertos y conectividad: Multiples puertos<\/p>\n<p>\u00b0 USB 3.1 y USB 2.0 frontales y traseros<\/p>\n<p>\u00b0 DisplayPort y HDMI para monitores externos<\/p>\n<p>\u00b0 Entrada de red Ethernet Gigabit<\/p>\n<p>Sistema operativo: Compatible con Windows 10, Windows 11<\/p>\n<p>Factor de forma: Disponible en formatos Small Form Factor (SFF)<\/p>\n","protected":false},"featured_media":2845,"comment_status":"open","ping_status":"closed","template":"","meta":{"_uag_custom_page_level_css":"","site-sidebar-layout":"default","site-content-layout":"","ast-site-content-layout":"default","site-content-style":"default","site-sidebar-style":"default","ast-global-header-display":"","ast-banner-title-visibility":"","ast-main-header-display":"","ast-hfb-above-header-display":"","ast-hfb-below-header-display":"","ast-hfb-mobile-header-display":"","site-post-title":"","ast-breadcrumbs-content":"","ast-featured-img":"","footer-sml-layout":"","ast-disable-related-posts":"","theme-transparent-header-meta":"default","adv-header-id-meta":"","stick-header-meta":"","header-above-stick-meta":"","header-main-stick-meta":"","header-below-stick-meta":"","astra-migrate-meta-layouts":"set","ast-page-background-enabled":"default","ast-page-background-meta":{"desktop":{"background-color":"var(--ast-global-color-4)","background-image":"","background-repeat":"repeat","background-position":"center center","background-size":"auto","background-attachment":"scroll","background-type":"","background-media":"","overlay-type":"","overlay-color":"","overlay-opacity":"","overlay-gradient":""},"tablet":{"background-color":"","background-image":"","background-repeat":"repeat","background-position":"center center","background-size":"auto","background-attachment":"scroll","background-type":"","background-media":"","overlay-type":"","overlay-color":"","overlay-opacity":"","overlay-gradient":""},"mobile":{"background-color":"","background-image":"","background-repeat":"repeat","background-position":"center center","background-size":"auto","background-attachment":"scroll","background-type":"","background-media":"","overlay-type":"","overlay-color":"","overlay-opacity":"","overlay-gradient":""}},"ast-content-background-meta":{"desktop":{"background-color":"var(--ast-global-color-5)","background-image":"","background-repeat":"repeat","background-position":"center center","background-size":"auto","background-attachment":"scroll","background-type":"","background-media":"","overlay-type":"","overlay-color":"","overlay-opacity":"","overlay-gradient":""},"tablet":{"background-color":"var(--ast-global-color-5)","background-image":"","background-repeat":"repeat","background-position":"center center","background-size":"auto","background-attachment":"scroll","background-type":"","background-media":"","overlay-type":"","overlay-color":"","overlay-opacity":"","overlay-gradient":""},"mobile":{"background-color":"var(--ast-global-color-5)","background-image":"","background-repeat":"repeat","background-position":"center center","background-size":"auto","background-attachment":"scroll","background-type":"","background-media":"","overlay-type":"","overlay-color":"","overlay-opacity":"","overlay-gradient":""}}},"product_brand":[],"product_cat":[32],"product_tag":[],"class_list":{"0":"post-2250","1":"product","2":"type-product","3":"status-publish","4":"has-post-thumbnail","6":"product_cat-cpu","7":"desktop-align-center","8":"tablet-align-left","9":"mobile-align-left","11":"first","12":"instock","13":"sale","14":"shipping-taxable","15":"purchasable","16":"product-type-simple"},"aioseo_notices":[],"uagb_featured_image_src":{"full":["https:\/\/computecnectonic.com\/wp-content\/uploads\/2025\/09\/5D672C22-DEF0-43AD-880B-B2878713FFBD.png",1254,1254,false],"thumbnail":["https:\/\/computecnectonic.com\/wp-content\/uploads\/2025\/09\/5D672C22-DEF0-43AD-880B-B2878713FFBD-150x150.png",150,150,true],"medium":["https:\/\/computecnectonic.com\/wp-content\/uploads\/2025\/09\/5D672C22-DEF0-43AD-880B-B2878713FFBD-300x300.png",300,300,true],"medium_large":["https:\/\/computecnectonic.com\/wp-content\/uploads\/2025\/09\/5D672C22-DEF0-43AD-880B-B2878713FFBD-768x768.png",768,768,true],"large":["https:\/\/computecnectonic.com\/wp-content\/uploads\/2025\/09\/5D672C22-DEF0-43AD-880B-B2878713FFBD-1024x1024.png",1024,1024,true],"1536x1536":["https:\/\/computecnectonic.com\/wp-content\/uploads\/2025\/09\/5D672C22-DEF0-43AD-880B-B2878713FFBD.png",1254,1254,false],"2048x2048":["https:\/\/computecnectonic.com\/wp-content\/uploads\/2025\/09\/5D672C22-DEF0-43AD-880B-B2878713FFBD.png",1254,1254,false],"woocommerce_thumbnail":["https:\/\/computecnectonic.com\/wp-content\/uploads\/2025\/09\/5D672C22-DEF0-43AD-880B-B2878713FFBD-300x300.png",300,300,true],"woocommerce_single":["https:\/\/computecnectonic.com\/wp-content\/uploads\/2025\/09\/5D672C22-DEF0-43AD-880B-B2878713FFBD-600x600.png",600,600,true],"woocommerce_gallery_thumbnail":["https:\/\/computecnectonic.com\/wp-content\/uploads\/2025\/09\/5D672C22-DEF0-43AD-880B-B2878713FFBD-100x100.png",100,100,true],"dgwt-wcas-product-suggestion":["https:\/\/computecnectonic.com\/wp-content\/uploads\/2025\/09\/5D672C22-DEF0-43AD-880B-B2878713FFBD-64x64.png",64,64,true]},"uagb_author_info":{"display_name":"axel suxo","author_link":"https:\/\/computecnectonic.com\/?author=0"},"uagb_comment_info":0,"uagb_excerpt":"Procesador: Intel Core I5 de 9na. generacion (i5-9500 o similar) con hasta 6 n\u00facleos y velocidades turbo de hasta 4.4 GHz. Memoria RAM: 8GB DDR4 (expandible hasta 64GB) Almacenamiento: SSD de 250GB de alta velocidad, resistente a golpes. Graficos: Intel UHD Graphics 630 integrados, soporta m\u00faltiples monitores de alta definici\u00f3n Puertos y conectividad: Multiples puertos&hellip;","_links":{"self":[{"href":"https:\/\/computecnectonic.com\/index.php?rest_route=\/wp\/v2\/product\/2250","targetHints":{"allow":["GET"]}}],"collection":[{"href":"https:\/\/computecnectonic.com\/index.php?rest_route=\/wp\/v2\/product"}],"about":[{"href":"https:\/\/computecnectonic.com\/index.php?rest_route=\/wp\/v2\/types\/product"}],"replies":[{"embeddable":true,"href":"https:\/\/computecnectonic.com\/index.php?rest_route=%2Fwp%2Fv2%2Fcomments&post=2250"}],"wp:featuredmedia":[{"embeddable":true,"href":"https:\/\/computecnectonic.com\/index.php?rest_route=\/wp\/v2\/media\/2845"}],"wp:attachment":[{"href":"https:\/\/computecnectonic.com\/index.php?rest_route=%2Fwp%2Fv2%2Fmedia&parent=2250"}],"wp:term":[{"taxonomy":"product_brand","embeddable":true,"href":"https:\/\/computecnectonic.com\/index.php?rest_route=%2Fwp%2Fv2%2Fproduct_brand&post=2250"},{"taxonomy":"product_cat","embeddable":true,"href":"https:\/\/computecnectonic.com\/index.php?rest_route=%2Fwp%2Fv2%2Fproduct_cat&post=2250"},{"taxonomy":"product_tag","embeddable":true,"href":"https:\/\/computecnectonic.com\/index.php?rest_route=%2Fwp%2Fv2%2Fproduct_tag&post=2250"}],"curies":[{"name":"wp","href":"https:\/\/api.w.org\/{rel}","templated":true}]}}