{"id":2253,"date":"2025-09-03T17:31:08","date_gmt":"2025-09-03T23:31:08","guid":{"rendered":"https:\/\/computecnectonic.com\/?post_type=product&#038;p=2253"},"modified":"2026-05-01T17:43:58","modified_gmt":"2026-05-01T23:43:58","slug":"dell-optiplex-7070","status":"publish","type":"product","link":"https:\/\/computecnectonic.com\/?product=dell-optiplex-7070","title":{"rendered":"Dell Optiplex 7070 8-256 Core i3-9"},"content":{"rendered":"<p>El\u00a0 Dell Optiplex 7070 es una computadora de escritorio empresarialndise\u00f1ada para ofrecer fiabilidad, seguridad y eficiencia en el d\u00eda a d\u00eda. Impulsado por un procesador Intel Core i3 de 9na. generaci\u00f3n, el Optiplex 7070 ofrece un rendimiento s\u00f3lido para tareas cotidianas como navegaci\u00f3n por internet, uso de software de oficina (Word, Excell, PowerPoint), correo electr\u00f3nico, video llamadas, aplicaciones administrativas y navegaci\u00f3n multitarea.<\/p>\n<p>Equipado con 8GB de memoria RAM, permite ejecutar varias aplicaciones simultaneamente sin perdidas de velocidad y bloqueos; incorpora una unidad de estado solido SSD de 256GB, esta combinaci\u00f3n de componentes convierte al Optiplex 7070 en una herramienta \u00e1gil y duradera para el entorno laboral.<\/p>\n<p>\u00a1Hazte con el CPU Dell Optiplex 7070\u00a0 hoy mismo!<\/p>\n<p>Un equipo confiable para elevar tu productividad \u00a1compra ahora!<\/p>\n","protected":false},"excerpt":{"rendered":"<p>&nbsp;<\/p>\n<p>Procesador: Intel Core i3 de 9na. generaci\u00f3n ( i3-9100) con 4 n\u00facleos y velocidad turbo de hasta 4.2 GHz.<\/p>\n<p>Memoria RAM: 8GB DDR4 a 2666 MHz (expandible hasta 64GB)<\/p>\n<p>Almacenamiento: SSD de 256 GB (extendible), r\u00e1pido , silencioso y resistente a golpes<\/p>\n<p>Graficos: Intel UHD Graphics 630 integrados, ideales para uso de oficina y soporte de pantallas en alta definici\u00f3n.<\/p>\n<ul>\n<li><strong>Puertos y Conectividad<\/strong>:\n<ul>\n<li>M\u00faltiples puertos USB 3.1 y USB 2.0 (frontales y traseros).<\/li>\n<li>Salidas DisplayPort y HDMI para monitores duales.<\/li>\n<li>Puerto Ethernet Gigabit LAN para conexi\u00f3n estable a internet y redes internas.<\/li>\n<\/ul>\n<\/li>\n<li><strong>Sistema Operativo<\/strong>: Compatible con Windows 10, Windows 11<\/li>\n<li><strong>Formato<\/strong>: Disponible en versiones Small Form Factor (SFF)<\/li>\n<\/ul>\n<p>&nbsp;<\/p>\n<p>&nbsp;<\/p>\n","protected":false},"featured_media":2844,"comment_status":"open","ping_status":"closed","template":"","meta":{"_uag_custom_page_level_css":"","site-sidebar-layout":"default","site-content-layout":"","ast-site-content-layout":"default","site-content-style":"default","site-sidebar-style":"default","ast-global-header-display":"","ast-banner-title-visibility":"","ast-main-header-display":"","ast-hfb-above-header-display":"","ast-hfb-below-header-display":"","ast-hfb-mobile-header-display":"","site-post-title":"","ast-breadcrumbs-content":"","ast-featured-img":"","footer-sml-layout":"","ast-disable-related-posts":"","theme-transparent-header-meta":"default","adv-header-id-meta":"","stick-header-meta":"","header-above-stick-meta":"","header-main-stick-meta":"","header-below-stick-meta":"","astra-migrate-meta-layouts":"set","ast-page-background-enabled":"default","ast-page-background-meta":{"desktop":{"background-color":"var(--ast-global-color-4)","background-image":"","background-repeat":"repeat","background-position":"center center","background-size":"auto","background-attachment":"scroll","background-type":"","background-media":"","overlay-type":"","overlay-color":"","overlay-opacity":"","overlay-gradient":""},"tablet":{"background-color":"","background-image":"","background-repeat":"repeat","background-position":"center center","background-size":"auto","background-attachment":"scroll","background-type":"","background-media":"","overlay-type":"","overlay-color":"","overlay-opacity":"","overlay-gradient":""},"mobile":{"background-color":"","background-image":"","background-repeat":"repeat","background-position":"center center","background-size":"auto","background-attachment":"scroll","background-type":"","background-media":"","overlay-type":"","overlay-color":"","overlay-opacity":"","overlay-gradient":""}},"ast-content-background-meta":{"desktop":{"background-color":"var(--ast-global-color-5)","background-image":"","background-repeat":"repeat","background-position":"center center","background-size":"auto","background-attachment":"scroll","background-type":"","background-media":"","overlay-type":"","overlay-color":"","overlay-opacity":"","overlay-gradient":""},"tablet":{"background-color":"var(--ast-global-color-5)","background-image":"","background-repeat":"repeat","background-position":"center center","background-size":"auto","background-attachment":"scroll","background-type":"","background-media":"","overlay-type":"","overlay-color":"","overlay-opacity":"","overlay-gradient":""},"mobile":{"background-color":"var(--ast-global-color-5)","background-image":"","background-repeat":"repeat","background-position":"center center","background-size":"auto","background-attachment":"scroll","background-type":"","background-media":"","overlay-type":"","overlay-color":"","overlay-opacity":"","overlay-gradient":""}}},"product_brand":[],"product_cat":[32],"product_tag":[],"class_list":{"0":"post-2253","1":"product","2":"type-product","3":"status-publish","4":"has-post-thumbnail","6":"product_cat-cpu","7":"desktop-align-center","8":"tablet-align-left","9":"mobile-align-left","11":"first","12":"instock","13":"sale","14":"shipping-taxable","15":"purchasable","16":"product-type-simple"},"aioseo_notices":[],"uagb_featured_image_src":{"full":["https:\/\/computecnectonic.com\/wp-content\/uploads\/2025\/09\/B7BB43FF-8E3A-4647-BAB4-0CCF7298BEF8.png",1254,1254,false],"thumbnail":["https:\/\/computecnectonic.com\/wp-content\/uploads\/2025\/09\/B7BB43FF-8E3A-4647-BAB4-0CCF7298BEF8-150x150.png",150,150,true],"medium":["https:\/\/computecnectonic.com\/wp-content\/uploads\/2025\/09\/B7BB43FF-8E3A-4647-BAB4-0CCF7298BEF8-300x300.png",300,300,true],"medium_large":["https:\/\/computecnectonic.com\/wp-content\/uploads\/2025\/09\/B7BB43FF-8E3A-4647-BAB4-0CCF7298BEF8-768x768.png",768,768,true],"large":["https:\/\/computecnectonic.com\/wp-content\/uploads\/2025\/09\/B7BB43FF-8E3A-4647-BAB4-0CCF7298BEF8-1024x1024.png",1024,1024,true],"1536x1536":["https:\/\/computecnectonic.com\/wp-content\/uploads\/2025\/09\/B7BB43FF-8E3A-4647-BAB4-0CCF7298BEF8.png",1254,1254,false],"2048x2048":["https:\/\/computecnectonic.com\/wp-content\/uploads\/2025\/09\/B7BB43FF-8E3A-4647-BAB4-0CCF7298BEF8.png",1254,1254,false],"woocommerce_thumbnail":["https:\/\/computecnectonic.com\/wp-content\/uploads\/2025\/09\/B7BB43FF-8E3A-4647-BAB4-0CCF7298BEF8-300x300.png",300,300,true],"woocommerce_single":["https:\/\/computecnectonic.com\/wp-content\/uploads\/2025\/09\/B7BB43FF-8E3A-4647-BAB4-0CCF7298BEF8-600x600.png",600,600,true],"woocommerce_gallery_thumbnail":["https:\/\/computecnectonic.com\/wp-content\/uploads\/2025\/09\/B7BB43FF-8E3A-4647-BAB4-0CCF7298BEF8-100x100.png",100,100,true],"dgwt-wcas-product-suggestion":["https:\/\/computecnectonic.com\/wp-content\/uploads\/2025\/09\/B7BB43FF-8E3A-4647-BAB4-0CCF7298BEF8-64x64.png",64,64,true]},"uagb_author_info":{"display_name":"axel suxo","author_link":"https:\/\/computecnectonic.com\/?author=0"},"uagb_comment_info":0,"uagb_excerpt":"&nbsp; Procesador: Intel Core i3 de 9na. generaci\u00f3n ( i3-9100) con 4 n\u00facleos y velocidad turbo de hasta 4.2 GHz. Memoria RAM: 8GB DDR4 a 2666 MHz (expandible hasta 64GB) Almacenamiento: SSD de 256 GB (extendible), r\u00e1pido , silencioso y resistente a golpes Graficos: Intel UHD Graphics 630 integrados, ideales para uso de oficina y&hellip;","_links":{"self":[{"href":"https:\/\/computecnectonic.com\/index.php?rest_route=\/wp\/v2\/product\/2253","targetHints":{"allow":["GET"]}}],"collection":[{"href":"https:\/\/computecnectonic.com\/index.php?rest_route=\/wp\/v2\/product"}],"about":[{"href":"https:\/\/computecnectonic.com\/index.php?rest_route=\/wp\/v2\/types\/product"}],"replies":[{"embeddable":true,"href":"https:\/\/computecnectonic.com\/index.php?rest_route=%2Fwp%2Fv2%2Fcomments&post=2253"}],"wp:featuredmedia":[{"embeddable":true,"href":"https:\/\/computecnectonic.com\/index.php?rest_route=\/wp\/v2\/media\/2844"}],"wp:attachment":[{"href":"https:\/\/computecnectonic.com\/index.php?rest_route=%2Fwp%2Fv2%2Fmedia&parent=2253"}],"wp:term":[{"taxonomy":"product_brand","embeddable":true,"href":"https:\/\/computecnectonic.com\/index.php?rest_route=%2Fwp%2Fv2%2Fproduct_brand&post=2253"},{"taxonomy":"product_cat","embeddable":true,"href":"https:\/\/computecnectonic.com\/index.php?rest_route=%2Fwp%2Fv2%2Fproduct_cat&post=2253"},{"taxonomy":"product_tag","embeddable":true,"href":"https:\/\/computecnectonic.com\/index.php?rest_route=%2Fwp%2Fv2%2Fproduct_tag&post=2253"}],"curies":[{"name":"wp","href":"https:\/\/api.w.org\/{rel}","templated":true}]}}