{"id":2267,"date":"2025-09-04T00:04:29","date_gmt":"2025-09-04T06:04:29","guid":{"rendered":"https:\/\/computecnectonic.com\/?post_type=product&#038;p=2267"},"modified":"2026-05-01T17:29:10","modified_gmt":"2026-05-01T23:29:10","slug":"hp-8300-g3","status":"publish","type":"product","link":"https:\/\/computecnectonic.com\/?product=hp-8300-g3","title":{"rendered":"Hp 8300 G3 Core i5-3"},"content":{"rendered":"<p>Maximiza tu productividad con el HP EliteDesk 8300 G3 es una computadora de escritorio empresarial que combina rendimiento confiable, dise\u00f1o robusto y excelente capacidad de actualizaci\u00f3n.<br \/>\nEste modelo integra un procesador Intel Core i5 de 3\u00aa generaci\u00f3n Acompa\u00f1ando al procesador, cuenta con 8GB de memoria RAM DDR3, suficiente para ejecutar m\u00faltiples programas a la vez sin afectar el rendimiento general. Por su parte, el disco de estado s\u00f3lido (SSD) de 256GB mejora considerablemente la velocidad del sistema. \u00a1Hazte con el HP EliteDesk 8300 G3 hoy mismo! un equipo confiable y potente.<\/p>\n<p>\u00a1Compra ahora!<\/p>\n","protected":false},"excerpt":{"rendered":"<p>Procesador: Intel Core i5 de 3\u00aa generaci\u00f3n (modelo com\u00fan: i5-3470), 4 n\u00facleos, frecuencia base de 3.2 GHz.<br \/>\nMemoria RAM: 8GB DDR3, (expandible hasta 32GB)<br \/>\nAlmacenamiento: SSD de 256GB para acceso r\u00e1pido a datos y mejor rendimiento.<br \/>\nGr\u00e1ficos: Intel HD Graphics integrados, ideales para uso de oficina, reproducci\u00f3n de video y soporte de doble monitor.<br \/>\nPuertos y conectividad:<br \/>\nM\u00faltiples puertos USB 2.0 y USB 3.0.<br \/>\nSalidas DisplayPort y VGA para conexi\u00f3n de monitores.<br \/>\nEthernet LAN para conexi\u00f3n a internet por cable.<br \/>\nSistema Operativo: Compatible con Windows 10, Windows 11<br \/>\nFormato: Disponible en versiones Small Form Factor (SFF)<\/p>\n","protected":false},"featured_media":2839,"comment_status":"open","ping_status":"closed","template":"","meta":{"_uag_custom_page_level_css":"","site-sidebar-layout":"default","site-content-layout":"","ast-site-content-layout":"default","site-content-style":"default","site-sidebar-style":"default","ast-global-header-display":"","ast-banner-title-visibility":"","ast-main-header-display":"","ast-hfb-above-header-display":"","ast-hfb-below-header-display":"","ast-hfb-mobile-header-display":"","site-post-title":"","ast-breadcrumbs-content":"","ast-featured-img":"","footer-sml-layout":"","ast-disable-related-posts":"","theme-transparent-header-meta":"default","adv-header-id-meta":"","stick-header-meta":"","header-above-stick-meta":"","header-main-stick-meta":"","header-below-stick-meta":"","astra-migrate-meta-layouts":"set","ast-page-background-enabled":"default","ast-page-background-meta":{"desktop":{"background-color":"var(--ast-global-color-4)","background-image":"","background-repeat":"repeat","background-position":"center center","background-size":"auto","background-attachment":"scroll","background-type":"","background-media":"","overlay-type":"","overlay-color":"","overlay-opacity":"","overlay-gradient":""},"tablet":{"background-color":"","background-image":"","background-repeat":"repeat","background-position":"center center","background-size":"auto","background-attachment":"scroll","background-type":"","background-media":"","overlay-type":"","overlay-color":"","overlay-opacity":"","overlay-gradient":""},"mobile":{"background-color":"","background-image":"","background-repeat":"repeat","background-position":"center center","background-size":"auto","background-attachment":"scroll","background-type":"","background-media":"","overlay-type":"","overlay-color":"","overlay-opacity":"","overlay-gradient":""}},"ast-content-background-meta":{"desktop":{"background-color":"var(--ast-global-color-5)","background-image":"","background-repeat":"repeat","background-position":"center center","background-size":"auto","background-attachment":"scroll","background-type":"","background-media":"","overlay-type":"","overlay-color":"","overlay-opacity":"","overlay-gradient":""},"tablet":{"background-color":"var(--ast-global-color-5)","background-image":"","background-repeat":"repeat","background-position":"center center","background-size":"auto","background-attachment":"scroll","background-type":"","background-media":"","overlay-type":"","overlay-color":"","overlay-opacity":"","overlay-gradient":""},"mobile":{"background-color":"var(--ast-global-color-5)","background-image":"","background-repeat":"repeat","background-position":"center center","background-size":"auto","background-attachment":"scroll","background-type":"","background-media":"","overlay-type":"","overlay-color":"","overlay-opacity":"","overlay-gradient":""}}},"product_brand":[],"product_cat":[32],"product_tag":[],"class_list":{"0":"post-2267","1":"product","2":"type-product","3":"status-publish","4":"has-post-thumbnail","6":"product_cat-cpu","7":"desktop-align-center","8":"tablet-align-left","9":"mobile-align-left","11":"first","12":"instock","13":"sale","14":"shipping-taxable","15":"purchasable","16":"product-type-simple"},"aioseo_notices":[],"uagb_featured_image_src":{"full":["https:\/\/computecnectonic.com\/wp-content\/uploads\/2025\/09\/0D2B7FB8-90B0-4B12-9FD5-519755338811.png",1254,1254,false],"thumbnail":["https:\/\/computecnectonic.com\/wp-content\/uploads\/2025\/09\/0D2B7FB8-90B0-4B12-9FD5-519755338811-150x150.png",150,150,true],"medium":["https:\/\/computecnectonic.com\/wp-content\/uploads\/2025\/09\/0D2B7FB8-90B0-4B12-9FD5-519755338811-300x300.png",300,300,true],"medium_large":["https:\/\/computecnectonic.com\/wp-content\/uploads\/2025\/09\/0D2B7FB8-90B0-4B12-9FD5-519755338811-768x768.png",768,768,true],"large":["https:\/\/computecnectonic.com\/wp-content\/uploads\/2025\/09\/0D2B7FB8-90B0-4B12-9FD5-519755338811-1024x1024.png",1024,1024,true],"1536x1536":["https:\/\/computecnectonic.com\/wp-content\/uploads\/2025\/09\/0D2B7FB8-90B0-4B12-9FD5-519755338811.png",1254,1254,false],"2048x2048":["https:\/\/computecnectonic.com\/wp-content\/uploads\/2025\/09\/0D2B7FB8-90B0-4B12-9FD5-519755338811.png",1254,1254,false],"woocommerce_thumbnail":["https:\/\/computecnectonic.com\/wp-content\/uploads\/2025\/09\/0D2B7FB8-90B0-4B12-9FD5-519755338811-300x300.png",300,300,true],"woocommerce_single":["https:\/\/computecnectonic.com\/wp-content\/uploads\/2025\/09\/0D2B7FB8-90B0-4B12-9FD5-519755338811-300x300.png",300,300,true],"woocommerce_gallery_thumbnail":["https:\/\/computecnectonic.com\/wp-content\/uploads\/2025\/09\/0D2B7FB8-90B0-4B12-9FD5-519755338811-100x100.png",100,100,true],"dgwt-wcas-product-suggestion":["https:\/\/computecnectonic.com\/wp-content\/uploads\/2025\/09\/0D2B7FB8-90B0-4B12-9FD5-519755338811-64x64.png",64,64,true]},"uagb_author_info":{"display_name":"axel suxo","author_link":"https:\/\/computecnectonic.com\/?author=0"},"uagb_comment_info":0,"uagb_excerpt":"Procesador: Intel Core i5 de 3\u00aa generaci\u00f3n (modelo com\u00fan: i5-3470), 4 n\u00facleos, frecuencia base de 3.2 GHz. Memoria RAM: 8GB DDR3, (expandible hasta 32GB) Almacenamiento: SSD de 256GB para acceso r\u00e1pido a datos y mejor rendimiento. Gr\u00e1ficos: Intel HD Graphics integrados, ideales para uso de oficina, reproducci\u00f3n de video y soporte de doble monitor. Puertos&hellip;","_links":{"self":[{"href":"https:\/\/computecnectonic.com\/index.php?rest_route=\/wp\/v2\/product\/2267","targetHints":{"allow":["GET"]}}],"collection":[{"href":"https:\/\/computecnectonic.com\/index.php?rest_route=\/wp\/v2\/product"}],"about":[{"href":"https:\/\/computecnectonic.com\/index.php?rest_route=\/wp\/v2\/types\/product"}],"replies":[{"embeddable":true,"href":"https:\/\/computecnectonic.com\/index.php?rest_route=%2Fwp%2Fv2%2Fcomments&post=2267"}],"wp:featuredmedia":[{"embeddable":true,"href":"https:\/\/computecnectonic.com\/index.php?rest_route=\/wp\/v2\/media\/2839"}],"wp:attachment":[{"href":"https:\/\/computecnectonic.com\/index.php?rest_route=%2Fwp%2Fv2%2Fmedia&parent=2267"}],"wp:term":[{"taxonomy":"product_brand","embeddable":true,"href":"https:\/\/computecnectonic.com\/index.php?rest_route=%2Fwp%2Fv2%2Fproduct_brand&post=2267"},{"taxonomy":"product_cat","embeddable":true,"href":"https:\/\/computecnectonic.com\/index.php?rest_route=%2Fwp%2Fv2%2Fproduct_cat&post=2267"},{"taxonomy":"product_tag","embeddable":true,"href":"https:\/\/computecnectonic.com\/index.php?rest_route=%2Fwp%2Fv2%2Fproduct_tag&post=2267"}],"curies":[{"name":"wp","href":"https:\/\/api.w.org\/{rel}","templated":true}]}}