{"id":2269,"date":"2025-09-04T17:23:38","date_gmt":"2025-09-04T23:23:38","guid":{"rendered":"https:\/\/computecnectonic.com\/?post_type=product&#038;p=2269"},"modified":"2026-05-01T17:26:19","modified_gmt":"2026-05-01T23:26:19","slug":"hp-elitedesk-280-g3","status":"publish","type":"product","link":"https:\/\/computecnectonic.com\/?product=hp-elitedesk-280-g3","title":{"rendered":"Hp Elitedesk 280 G3 Core i5-8"},"content":{"rendered":"<p>Productividad al maximo. El HP EliteDesk 280 G3 es una computadora de escritorio dise\u00f1ada para ofrecer fiabilidad, rendimiento y eficiencia en el entorno profesional, este modelo incorpora un potente procesador Intel Core i5 de 8\u00aa generaci\u00f3n, que permite realizar m\u00faltiples tareas con fluidez, desde trabajos ofim\u00e1ticos hasta navegaci\u00f3n web, videollamadas, aplicaciones administrativas y plataformas educativas.<br \/>\nSu memoria RAM DDR4 de 8GB brinda el rendimiento necesario para ejecutar varias aplicaciones a la vez, gracias a su unidad de estado s\u00f3lido (SSD) de 256GB, el equipo ofrece tiempos de arranque mucho m\u00e1s r\u00e1pidos, acceso casi inmediato a archivos y una mayor capacidad de respuesta general.<\/p>\n<p>\u00a1Haste con el HP ElitDesk 280 G3 hoy mismo! un equipo confiable, potente y eleva tu producctividad.<\/p>\n<p>\u00a1Compra ahoea!<\/p>\n","protected":false},"excerpt":{"rendered":"<p>Procesador: Intel Core i5 de 8\u00aa generaci\u00f3n (modelo com\u00fan: i5-8500 o i5-8400), con 6 n\u00facleos y velocidad turbo de hasta 4.1 GHz.<br \/>\nMemoria RAM: 8GB DDR (expandible hasta 64GB)<br \/>\nAlmacenamiento: SSD de 256GB, para mayor velocidad de operaci\u00f3n y confiabilidad.<br \/>\nGr\u00e1ficos: Intel UHD Graphics 630 integrados, con soporte para pantallas en alta definici\u00f3n y aplicaciones multimedia b\u00e1sicas.<br \/>\nConectividad:<br \/>\nM\u00faltiples puertos USB 3.1 y USB 2.0 para perif\u00e9ricos.<br \/>\nSalidas DisplayPort y VGA para conectar uno o dos monitores.<br \/>\nPuerto Ethernet Gigabit LAN para conexi\u00f3n a redes r\u00e1pidas y estables.<br \/>\nSistema Operativo: Compatible con Windows 10, Windows 11<br \/>\nFormato: Disponible en Small Form Factor (SFF)<\/p>\n","protected":false},"featured_media":2838,"comment_status":"open","ping_status":"closed","template":"","meta":{"_uag_custom_page_level_css":"","site-sidebar-layout":"default","site-content-layout":"","ast-site-content-layout":"default","site-content-style":"default","site-sidebar-style":"default","ast-global-header-display":"","ast-banner-title-visibility":"","ast-main-header-display":"","ast-hfb-above-header-display":"","ast-hfb-below-header-display":"","ast-hfb-mobile-header-display":"","site-post-title":"","ast-breadcrumbs-content":"","ast-featured-img":"","footer-sml-layout":"","ast-disable-related-posts":"","theme-transparent-header-meta":"default","adv-header-id-meta":"","stick-header-meta":"","header-above-stick-meta":"","header-main-stick-meta":"","header-below-stick-meta":"","astra-migrate-meta-layouts":"set","ast-page-background-enabled":"default","ast-page-background-meta":{"desktop":{"background-color":"var(--ast-global-color-4)","background-image":"","background-repeat":"repeat","background-position":"center center","background-size":"auto","background-attachment":"scroll","background-type":"","background-media":"","overlay-type":"","overlay-color":"","overlay-opacity":"","overlay-gradient":""},"tablet":{"background-color":"","background-image":"","background-repeat":"repeat","background-position":"center center","background-size":"auto","background-attachment":"scroll","background-type":"","background-media":"","overlay-type":"","overlay-color":"","overlay-opacity":"","overlay-gradient":""},"mobile":{"background-color":"","background-image":"","background-repeat":"repeat","background-position":"center center","background-size":"auto","background-attachment":"scroll","background-type":"","background-media":"","overlay-type":"","overlay-color":"","overlay-opacity":"","overlay-gradient":""}},"ast-content-background-meta":{"desktop":{"background-color":"var(--ast-global-color-5)","background-image":"","background-repeat":"repeat","background-position":"center center","background-size":"auto","background-attachment":"scroll","background-type":"","background-media":"","overlay-type":"","overlay-color":"","overlay-opacity":"","overlay-gradient":""},"tablet":{"background-color":"var(--ast-global-color-5)","background-image":"","background-repeat":"repeat","background-position":"center center","background-size":"auto","background-attachment":"scroll","background-type":"","background-media":"","overlay-type":"","overlay-color":"","overlay-opacity":"","overlay-gradient":""},"mobile":{"background-color":"var(--ast-global-color-5)","background-image":"","background-repeat":"repeat","background-position":"center center","background-size":"auto","background-attachment":"scroll","background-type":"","background-media":"","overlay-type":"","overlay-color":"","overlay-opacity":"","overlay-gradient":""}}},"product_brand":[],"product_cat":[32],"product_tag":[],"class_list":{"0":"post-2269","1":"product","2":"type-product","3":"status-publish","4":"has-post-thumbnail","6":"product_cat-cpu","7":"desktop-align-center","8":"tablet-align-left","9":"mobile-align-left","11":"first","12":"instock","13":"sale","14":"shipping-taxable","15":"purchasable","16":"product-type-simple"},"aioseo_notices":[],"uagb_featured_image_src":{"full":["https:\/\/computecnectonic.com\/wp-content\/uploads\/2025\/09\/544B6C7C-8CB1-48CF-9C5D-098ED6618DA4.png",1254,1254,false],"thumbnail":["https:\/\/computecnectonic.com\/wp-content\/uploads\/2025\/09\/544B6C7C-8CB1-48CF-9C5D-098ED6618DA4-150x150.png",150,150,true],"medium":["https:\/\/computecnectonic.com\/wp-content\/uploads\/2025\/09\/544B6C7C-8CB1-48CF-9C5D-098ED6618DA4-300x300.png",300,300,true],"medium_large":["https:\/\/computecnectonic.com\/wp-content\/uploads\/2025\/09\/544B6C7C-8CB1-48CF-9C5D-098ED6618DA4-768x768.png",768,768,true],"large":["https:\/\/computecnectonic.com\/wp-content\/uploads\/2025\/09\/544B6C7C-8CB1-48CF-9C5D-098ED6618DA4-1024x1024.png",1024,1024,true],"1536x1536":["https:\/\/computecnectonic.com\/wp-content\/uploads\/2025\/09\/544B6C7C-8CB1-48CF-9C5D-098ED6618DA4.png",1254,1254,false],"2048x2048":["https:\/\/computecnectonic.com\/wp-content\/uploads\/2025\/09\/544B6C7C-8CB1-48CF-9C5D-098ED6618DA4.png",1254,1254,false],"woocommerce_thumbnail":["https:\/\/computecnectonic.com\/wp-content\/uploads\/2025\/09\/544B6C7C-8CB1-48CF-9C5D-098ED6618DA4-300x300.png",300,300,true],"woocommerce_single":["https:\/\/computecnectonic.com\/wp-content\/uploads\/2025\/09\/544B6C7C-8CB1-48CF-9C5D-098ED6618DA4-300x300.png",300,300,true],"woocommerce_gallery_thumbnail":["https:\/\/computecnectonic.com\/wp-content\/uploads\/2025\/09\/544B6C7C-8CB1-48CF-9C5D-098ED6618DA4-100x100.png",100,100,true],"dgwt-wcas-product-suggestion":["https:\/\/computecnectonic.com\/wp-content\/uploads\/2025\/09\/544B6C7C-8CB1-48CF-9C5D-098ED6618DA4-64x64.png",64,64,true]},"uagb_author_info":{"display_name":"axel suxo","author_link":"https:\/\/computecnectonic.com\/?author=0"},"uagb_comment_info":0,"uagb_excerpt":"Procesador: Intel Core i5 de 8\u00aa generaci\u00f3n (modelo com\u00fan: i5-8500 o i5-8400), con 6 n\u00facleos y velocidad turbo de hasta 4.1 GHz. Memoria RAM: 8GB DDR (expandible hasta 64GB) Almacenamiento: SSD de 256GB, para mayor velocidad de operaci\u00f3n y confiabilidad. Gr\u00e1ficos: Intel UHD Graphics 630 integrados, con soporte para pantallas en alta definici\u00f3n y aplicaciones&hellip;","_links":{"self":[{"href":"https:\/\/computecnectonic.com\/index.php?rest_route=\/wp\/v2\/product\/2269","targetHints":{"allow":["GET"]}}],"collection":[{"href":"https:\/\/computecnectonic.com\/index.php?rest_route=\/wp\/v2\/product"}],"about":[{"href":"https:\/\/computecnectonic.com\/index.php?rest_route=\/wp\/v2\/types\/product"}],"replies":[{"embeddable":true,"href":"https:\/\/computecnectonic.com\/index.php?rest_route=%2Fwp%2Fv2%2Fcomments&post=2269"}],"wp:featuredmedia":[{"embeddable":true,"href":"https:\/\/computecnectonic.com\/index.php?rest_route=\/wp\/v2\/media\/2838"}],"wp:attachment":[{"href":"https:\/\/computecnectonic.com\/index.php?rest_route=%2Fwp%2Fv2%2Fmedia&parent=2269"}],"wp:term":[{"taxonomy":"product_brand","embeddable":true,"href":"https:\/\/computecnectonic.com\/index.php?rest_route=%2Fwp%2Fv2%2Fproduct_brand&post=2269"},{"taxonomy":"product_cat","embeddable":true,"href":"https:\/\/computecnectonic.com\/index.php?rest_route=%2Fwp%2Fv2%2Fproduct_cat&post=2269"},{"taxonomy":"product_tag","embeddable":true,"href":"https:\/\/computecnectonic.com\/index.php?rest_route=%2Fwp%2Fv2%2Fproduct_tag&post=2269"}],"curies":[{"name":"wp","href":"https:\/\/api.w.org\/{rel}","templated":true}]}}