{"id":2292,"date":"2025-09-05T16:24:49","date_gmt":"2025-09-05T22:24:49","guid":{"rendered":"https:\/\/computecnectonic.com\/?post_type=product&#038;p=2292"},"modified":"2026-05-01T16:26:09","modified_gmt":"2026-05-01T22:26:09","slug":"dell-precision-m3541","status":"publish","type":"product","link":"https:\/\/computecnectonic.com\/?product=dell-precision-m3541","title":{"rendered":"Dell Precision M3541 Core i5-9"},"content":{"rendered":"<p>Descubre la potencia de la Dell Latitude\/Precision M3541 con i5-9400H, 8 GB de RAM y 256 GB SSD es una workstation m\u00f3vil s\u00f3lida para entornos profesionales, especialmente en dise\u00f1o o tareas de oficina avanzado.<br \/>\nOfrece buen rendimiento, excelente conectividad y opciones de expansi\u00f3n. No obstante, si trabajas con cargas intensas o buscas una calidad de chasis m\u00e1s premium, conviene considerar actualizar RAM\/almacenamiento y mejorar la refrigeraci\u00f3n, o elegir una serie superior dentro de la familia Latitude.<\/p>\n<p>\u00a1Compra ahora! y lleva tu trabajo al siguiente nivel.<\/p>\n","protected":false},"excerpt":{"rendered":"<p>Procesador: Intel Core i5 de 9.\u00aa generaci\u00f3n (hasta 4.1 GHz, 4 n\u00facleos, 8 hilos, cach\u00e9 de 8 MB).<br \/>\nMemoria RAM: 8 GB DDR4 (expandible hasta 32 GB).<br \/>\nAlmacenamiento: SSD M.2 NVMe PCIe de 256 GB (extendible)<br \/>\nPantalla: 15.6\u2033 Full HD (1920 \u00d7 1080), antirreflejo, retroiluminada por LED.<br \/>\nGr\u00e1ficos: Intel UHD Graphics 620.<br \/>\nConectividad inal\u00e1mbrica: Wi-Fi 5 (802.11ac) y Bluetooth 5.0.<br \/>\nPuertos y ranuras: 1. 2 \u00d7 USB 3.1 Gen 1 \/ 2. 1 \u00d7 USB 2.0<br \/>\n3. 1 \u00d7 HDMI 1.4<br \/>\n4. 1 \u00d7 RJ-45 (Ethernet)<br \/>\nLector de tarjetas SD<br \/>\nCombo auriculares\/micr\u00f3fono<br \/>\nSeguridad: TPM 2.0, ranura de seguridad Noble Wedge, lector de huellas (opcional).<br \/>\nBater\u00eda: 4 celdas, 56 Wh, con carga r\u00e1pida ExpressCharge\u2122.<br \/>\nTeclado: Tama\u00f1o completo, resistente a salpicaduras, con teclado num\u00e9rico.<br \/>\nSistema Operativo: Windows 10 Pro \/ Windows 11 Pro<\/p>\n","protected":false},"featured_media":2826,"comment_status":"open","ping_status":"closed","template":"","meta":{"_uag_custom_page_level_css":"","site-sidebar-layout":"default","site-content-layout":"","ast-site-content-layout":"default","site-content-style":"default","site-sidebar-style":"default","ast-global-header-display":"","ast-banner-title-visibility":"","ast-main-header-display":"","ast-hfb-above-header-display":"","ast-hfb-below-header-display":"","ast-hfb-mobile-header-display":"","site-post-title":"","ast-breadcrumbs-content":"","ast-featured-img":"","footer-sml-layout":"","ast-disable-related-posts":"","theme-transparent-header-meta":"default","adv-header-id-meta":"","stick-header-meta":"","header-above-stick-meta":"","header-main-stick-meta":"","header-below-stick-meta":"","astra-migrate-meta-layouts":"set","ast-page-background-enabled":"default","ast-page-background-meta":{"desktop":{"background-color":"var(--ast-global-color-4)","background-image":"","background-repeat":"repeat","background-position":"center center","background-size":"auto","background-attachment":"scroll","background-type":"","background-media":"","overlay-type":"","overlay-color":"","overlay-opacity":"","overlay-gradient":""},"tablet":{"background-color":"","background-image":"","background-repeat":"repeat","background-position":"center center","background-size":"auto","background-attachment":"scroll","background-type":"","background-media":"","overlay-type":"","overlay-color":"","overlay-opacity":"","overlay-gradient":""},"mobile":{"background-color":"","background-image":"","background-repeat":"repeat","background-position":"center center","background-size":"auto","background-attachment":"scroll","background-type":"","background-media":"","overlay-type":"","overlay-color":"","overlay-opacity":"","overlay-gradient":""}},"ast-content-background-meta":{"desktop":{"background-color":"var(--ast-global-color-5)","background-image":"","background-repeat":"repeat","background-position":"center center","background-size":"auto","background-attachment":"scroll","background-type":"","background-media":"","overlay-type":"","overlay-color":"","overlay-opacity":"","overlay-gradient":""},"tablet":{"background-color":"var(--ast-global-color-5)","background-image":"","background-repeat":"repeat","background-position":"center center","background-size":"auto","background-attachment":"scroll","background-type":"","background-media":"","overlay-type":"","overlay-color":"","overlay-opacity":"","overlay-gradient":""},"mobile":{"background-color":"var(--ast-global-color-5)","background-image":"","background-repeat":"repeat","background-position":"center center","background-size":"auto","background-attachment":"scroll","background-type":"","background-media":"","overlay-type":"","overlay-color":"","overlay-opacity":"","overlay-gradient":""}}},"product_brand":[],"product_cat":[29],"product_tag":[],"class_list":{"0":"post-2292","1":"product","2":"type-product","3":"status-publish","4":"has-post-thumbnail","6":"product_cat-laptop","7":"desktop-align-center","8":"tablet-align-left","9":"mobile-align-left","11":"first","12":"instock","13":"sale","14":"shipping-taxable","15":"purchasable","16":"product-type-simple"},"aioseo_notices":[],"uagb_featured_image_src":{"full":["https:\/\/computecnectonic.com\/wp-content\/uploads\/2025\/09\/9E45DD69-AE87-4B8A-AEF8-178B08FDADA3.png",1254,1254,false],"thumbnail":["https:\/\/computecnectonic.com\/wp-content\/uploads\/2025\/09\/9E45DD69-AE87-4B8A-AEF8-178B08FDADA3-150x150.png",150,150,true],"medium":["https:\/\/computecnectonic.com\/wp-content\/uploads\/2025\/09\/9E45DD69-AE87-4B8A-AEF8-178B08FDADA3-300x300.png",300,300,true],"medium_large":["https:\/\/computecnectonic.com\/wp-content\/uploads\/2025\/09\/9E45DD69-AE87-4B8A-AEF8-178B08FDADA3-768x768.png",768,768,true],"large":["https:\/\/computecnectonic.com\/wp-content\/uploads\/2025\/09\/9E45DD69-AE87-4B8A-AEF8-178B08FDADA3-1024x1024.png",1024,1024,true],"1536x1536":["https:\/\/computecnectonic.com\/wp-content\/uploads\/2025\/09\/9E45DD69-AE87-4B8A-AEF8-178B08FDADA3.png",1254,1254,false],"2048x2048":["https:\/\/computecnectonic.com\/wp-content\/uploads\/2025\/09\/9E45DD69-AE87-4B8A-AEF8-178B08FDADA3.png",1254,1254,false],"woocommerce_thumbnail":["https:\/\/computecnectonic.com\/wp-content\/uploads\/2025\/09\/9E45DD69-AE87-4B8A-AEF8-178B08FDADA3-300x300.png",300,300,true],"woocommerce_single":["https:\/\/computecnectonic.com\/wp-content\/uploads\/2025\/09\/9E45DD69-AE87-4B8A-AEF8-178B08FDADA3-600x600.png",600,600,true],"woocommerce_gallery_thumbnail":["https:\/\/computecnectonic.com\/wp-content\/uploads\/2025\/09\/9E45DD69-AE87-4B8A-AEF8-178B08FDADA3-100x100.png",100,100,true],"dgwt-wcas-product-suggestion":["https:\/\/computecnectonic.com\/wp-content\/uploads\/2025\/09\/9E45DD69-AE87-4B8A-AEF8-178B08FDADA3-64x64.png",64,64,true]},"uagb_author_info":{"display_name":"Enrique Suxo","author_link":"https:\/\/computecnectonic.com\/?author=0"},"uagb_comment_info":0,"uagb_excerpt":"Procesador: Intel Core i5 de 9.\u00aa generaci\u00f3n (hasta 4.1 GHz, 4 n\u00facleos, 8 hilos, cach\u00e9 de 8 MB). Memoria RAM: 8 GB DDR4 (expandible hasta 32 GB). Almacenamiento: SSD M.2 NVMe PCIe de 256 GB (extendible) Pantalla: 15.6\u2033 Full HD (1920 \u00d7 1080), antirreflejo, retroiluminada por LED. Gr\u00e1ficos: Intel UHD Graphics 620. Conectividad inal\u00e1mbrica: Wi-Fi&hellip;","_links":{"self":[{"href":"https:\/\/computecnectonic.com\/index.php?rest_route=\/wp\/v2\/product\/2292","targetHints":{"allow":["GET"]}}],"collection":[{"href":"https:\/\/computecnectonic.com\/index.php?rest_route=\/wp\/v2\/product"}],"about":[{"href":"https:\/\/computecnectonic.com\/index.php?rest_route=\/wp\/v2\/types\/product"}],"replies":[{"embeddable":true,"href":"https:\/\/computecnectonic.com\/index.php?rest_route=%2Fwp%2Fv2%2Fcomments&post=2292"}],"wp:featuredmedia":[{"embeddable":true,"href":"https:\/\/computecnectonic.com\/index.php?rest_route=\/wp\/v2\/media\/2826"}],"wp:attachment":[{"href":"https:\/\/computecnectonic.com\/index.php?rest_route=%2Fwp%2Fv2%2Fmedia&parent=2292"}],"wp:term":[{"taxonomy":"product_brand","embeddable":true,"href":"https:\/\/computecnectonic.com\/index.php?rest_route=%2Fwp%2Fv2%2Fproduct_brand&post=2292"},{"taxonomy":"product_cat","embeddable":true,"href":"https:\/\/computecnectonic.com\/index.php?rest_route=%2Fwp%2Fv2%2Fproduct_cat&post=2292"},{"taxonomy":"product_tag","embeddable":true,"href":"https:\/\/computecnectonic.com\/index.php?rest_route=%2Fwp%2Fv2%2Fproduct_tag&post=2292"}],"curies":[{"name":"wp","href":"https:\/\/api.w.org\/{rel}","templated":true}]}}