{"id":2305,"date":"2025-09-05T17:43:53","date_gmt":"2025-09-05T23:43:53","guid":{"rendered":"https:\/\/computecnectonic.com\/?post_type=product&#038;p=2305"},"modified":"2026-05-01T15:49:38","modified_gmt":"2026-05-01T21:49:38","slug":"lenovo-x1-carbon-g7","status":"publish","type":"product","link":"https:\/\/computecnectonic.com\/?product=lenovo-x1-carbon-g7","title":{"rendered":"Lenovo Thinkpad X1 Carbon G7 Core i5-8"},"content":{"rendered":"<p>El ThinkPad X1 Carbon es un port\u00e1til ultraligero y duradero, dise\u00f1ado especialmente para profesionales que necesitan movilidad y rendimiento.<br \/>\nCuenta con una pantalla de 14 pulgadas, disponible en versiones Full HD (1920\u00d71080) IPS, con antirreflejo que reduce la fatiga visual y permite trabajar c\u00f3modamente en ambientes con mucha luz, 8\u202fGB de RAM y 256\u202fGB SSD es perfecto para profesionales que buscan portabilidad, alto rendimiento y seguridad, ofreciendo un equilibrio ideal entre productividad y movilidad en un equipo ultraligero.<\/p>\n<p>\u00a1Haz tuyo el ThinkPad X1 Carbon hoy mismo y llava tu productividad, estilo al siguiente nivel!<\/p>\n","protected":false},"excerpt":{"rendered":"<p>Procesador: Intel Core i5 \/ 8.\u00aa generaci\u00f3n<br \/>\nMemoria RAM: 8\u202fGB LPDDR3<br \/>\nAlmacenamiento: SSD PCIe NVMe de 256\u202fGB<br \/>\nPantalla: 14\u2033 Full HD (1920\u00d71080) IPS, antirreflejo<br \/>\nGr\u00e1ficos: Intel UHD Graphics 620 integrados<br \/>\nConectividad: Wi-Fi 6 (802.11ax), Bluetooth 5.0<br \/>\nSeguridad: Lector de huellas, TPM 2.0, ThinkShutter, ThinkShield<br \/>\nTeclado: Retroiluminado, resistente a derrames, con trackpoint cl\u00e1sico<br \/>\nAudio: Altavoces est\u00e9reo con Dolby Audio, micr\u00f3fonos duales con cancelaci\u00f3n de ruido<br \/>\nBater\u00eda: 51\u202fWh, hasta 18\u202fh de autonom\u00eda, carga r\u00e1pida<br \/>\nSistema operativo: Windows 10 Pro (actualizable a Windows 11)<\/p>\n","protected":false},"featured_media":2819,"comment_status":"open","ping_status":"closed","template":"","meta":{"_uag_custom_page_level_css":"","site-sidebar-layout":"default","site-content-layout":"","ast-site-content-layout":"default","site-content-style":"default","site-sidebar-style":"default","ast-global-header-display":"","ast-banner-title-visibility":"","ast-main-header-display":"","ast-hfb-above-header-display":"","ast-hfb-below-header-display":"","ast-hfb-mobile-header-display":"","site-post-title":"","ast-breadcrumbs-content":"","ast-featured-img":"","footer-sml-layout":"","ast-disable-related-posts":"","theme-transparent-header-meta":"default","adv-header-id-meta":"","stick-header-meta":"","header-above-stick-meta":"","header-main-stick-meta":"","header-below-stick-meta":"","astra-migrate-meta-layouts":"set","ast-page-background-enabled":"default","ast-page-background-meta":{"desktop":{"background-color":"var(--ast-global-color-4)","background-image":"","background-repeat":"repeat","background-position":"center center","background-size":"auto","background-attachment":"scroll","background-type":"","background-media":"","overlay-type":"","overlay-color":"","overlay-opacity":"","overlay-gradient":""},"tablet":{"background-color":"","background-image":"","background-repeat":"repeat","background-position":"center center","background-size":"auto","background-attachment":"scroll","background-type":"","background-media":"","overlay-type":"","overlay-color":"","overlay-opacity":"","overlay-gradient":""},"mobile":{"background-color":"","background-image":"","background-repeat":"repeat","background-position":"center center","background-size":"auto","background-attachment":"scroll","background-type":"","background-media":"","overlay-type":"","overlay-color":"","overlay-opacity":"","overlay-gradient":""}},"ast-content-background-meta":{"desktop":{"background-color":"var(--ast-global-color-5)","background-image":"","background-repeat":"repeat","background-position":"center center","background-size":"auto","background-attachment":"scroll","background-type":"","background-media":"","overlay-type":"","overlay-color":"","overlay-opacity":"","overlay-gradient":""},"tablet":{"background-color":"var(--ast-global-color-5)","background-image":"","background-repeat":"repeat","background-position":"center center","background-size":"auto","background-attachment":"scroll","background-type":"","background-media":"","overlay-type":"","overlay-color":"","overlay-opacity":"","overlay-gradient":""},"mobile":{"background-color":"var(--ast-global-color-5)","background-image":"","background-repeat":"repeat","background-position":"center center","background-size":"auto","background-attachment":"scroll","background-type":"","background-media":"","overlay-type":"","overlay-color":"","overlay-opacity":"","overlay-gradient":""}}},"product_brand":[],"product_cat":[29],"product_tag":[],"class_list":{"0":"post-2305","1":"product","2":"type-product","3":"status-publish","4":"has-post-thumbnail","6":"product_cat-laptop","7":"desktop-align-center","8":"tablet-align-left","9":"mobile-align-left","11":"first","12":"instock","13":"sale","14":"shipping-taxable","15":"purchasable","16":"product-type-simple"},"aioseo_notices":[],"uagb_featured_image_src":{"full":["https:\/\/computecnectonic.com\/wp-content\/uploads\/2025\/09\/897CC08E-AF1B-4E72-A41E-33C812890D83.png",1254,1254,false],"thumbnail":["https:\/\/computecnectonic.com\/wp-content\/uploads\/2025\/09\/897CC08E-AF1B-4E72-A41E-33C812890D83-150x150.png",150,150,true],"medium":["https:\/\/computecnectonic.com\/wp-content\/uploads\/2025\/09\/897CC08E-AF1B-4E72-A41E-33C812890D83-300x300.png",300,300,true],"medium_large":["https:\/\/computecnectonic.com\/wp-content\/uploads\/2025\/09\/897CC08E-AF1B-4E72-A41E-33C812890D83-768x768.png",768,768,true],"large":["https:\/\/computecnectonic.com\/wp-content\/uploads\/2025\/09\/897CC08E-AF1B-4E72-A41E-33C812890D83-1024x1024.png",1024,1024,true],"1536x1536":["https:\/\/computecnectonic.com\/wp-content\/uploads\/2025\/09\/897CC08E-AF1B-4E72-A41E-33C812890D83.png",1254,1254,false],"2048x2048":["https:\/\/computecnectonic.com\/wp-content\/uploads\/2025\/09\/897CC08E-AF1B-4E72-A41E-33C812890D83.png",1254,1254,false],"woocommerce_thumbnail":["https:\/\/computecnectonic.com\/wp-content\/uploads\/2025\/09\/897CC08E-AF1B-4E72-A41E-33C812890D83-300x300.png",300,300,true],"woocommerce_single":["https:\/\/computecnectonic.com\/wp-content\/uploads\/2025\/09\/897CC08E-AF1B-4E72-A41E-33C812890D83-600x600.png",600,600,true],"woocommerce_gallery_thumbnail":["https:\/\/computecnectonic.com\/wp-content\/uploads\/2025\/09\/897CC08E-AF1B-4E72-A41E-33C812890D83-100x100.png",100,100,true],"dgwt-wcas-product-suggestion":["https:\/\/computecnectonic.com\/wp-content\/uploads\/2025\/09\/897CC08E-AF1B-4E72-A41E-33C812890D83-64x64.png",64,64,true]},"uagb_author_info":{"display_name":"Enrique Suxo","author_link":"https:\/\/computecnectonic.com\/?author=0"},"uagb_comment_info":0,"uagb_excerpt":"Procesador: Intel Core i5 \/ 8.\u00aa generaci\u00f3n Memoria RAM: 8\u202fGB LPDDR3 Almacenamiento: SSD PCIe NVMe de 256\u202fGB Pantalla: 14\u2033 Full HD (1920\u00d71080) IPS, antirreflejo Gr\u00e1ficos: Intel UHD Graphics 620 integrados Conectividad: Wi-Fi 6 (802.11ax), Bluetooth 5.0 Seguridad: Lector de huellas, TPM 2.0, ThinkShutter, ThinkShield Teclado: Retroiluminado, resistente a derrames, con trackpoint cl\u00e1sico Audio: Altavoces est\u00e9reo&hellip;","_links":{"self":[{"href":"https:\/\/computecnectonic.com\/index.php?rest_route=\/wp\/v2\/product\/2305","targetHints":{"allow":["GET"]}}],"collection":[{"href":"https:\/\/computecnectonic.com\/index.php?rest_route=\/wp\/v2\/product"}],"about":[{"href":"https:\/\/computecnectonic.com\/index.php?rest_route=\/wp\/v2\/types\/product"}],"replies":[{"embeddable":true,"href":"https:\/\/computecnectonic.com\/index.php?rest_route=%2Fwp%2Fv2%2Fcomments&post=2305"}],"wp:featuredmedia":[{"embeddable":true,"href":"https:\/\/computecnectonic.com\/index.php?rest_route=\/wp\/v2\/media\/2819"}],"wp:attachment":[{"href":"https:\/\/computecnectonic.com\/index.php?rest_route=%2Fwp%2Fv2%2Fmedia&parent=2305"}],"wp:term":[{"taxonomy":"product_brand","embeddable":true,"href":"https:\/\/computecnectonic.com\/index.php?rest_route=%2Fwp%2Fv2%2Fproduct_brand&post=2305"},{"taxonomy":"product_cat","embeddable":true,"href":"https:\/\/computecnectonic.com\/index.php?rest_route=%2Fwp%2Fv2%2Fproduct_cat&post=2305"},{"taxonomy":"product_tag","embeddable":true,"href":"https:\/\/computecnectonic.com\/index.php?rest_route=%2Fwp%2Fv2%2Fproduct_tag&post=2305"}],"curies":[{"name":"wp","href":"https:\/\/api.w.org\/{rel}","templated":true}]}}