{"id":2307,"date":"2025-09-05T18:01:53","date_gmt":"2025-09-06T00:01:53","guid":{"rendered":"https:\/\/computecnectonic.com\/?post_type=product&#038;p=2307"},"modified":"2026-05-01T15:47:06","modified_gmt":"2026-05-01T21:47:06","slug":"lenovo-tio-24-g3","status":"publish","type":"product","link":"https:\/\/computecnectonic.com\/?product=lenovo-tio-24-g3","title":{"rendered":"Lenovo Tio 24 G3 AMD Athlon"},"content":{"rendered":"<p>Disfruta de una experiencia visual con el Lenovo ThinkCentre Tiny-in-One 24 Gen 3 es un monitor profesional de 23.8 pulgadas dise\u00f1ado para ofrecer una experiencia visual de alta calidad junto con la versatilidad de un sistema modular.<br \/>\nPensado para entornos corporativos y usuarios que buscan eficiencia, el TIO 24 G3 incorpora un dise\u00f1o modular \u00fanico: permite integrar en su parte posterior un ThinkCentre Tiny PC, creando un equipo tipo \u201call-in-one\u201d totalmente funcional que, a diferencia de los AIO tradicionales, puede actualizarse o reemplazarse por partes sin necesidad de cambiar todo el sistema.<br \/>\nEn el apartado ergon\u00f3mico, el soporte ajustable facilita la personalizaci\u00f3n de la postura de trabajo gracias a su regulaci\u00f3n de altura hasta 110 mm, inclinaci\u00f3n de \u20135\u00b0 a 30\u00b0, giro lateral de \u00b145\u00b0 y pivote de 90\u00b0, lo que favorece la productividad y reduce la fatiga visual.<br \/>\nSe considera un sistema tipo AIO (all-in-one) modular: puedes montar un ThinkCentre Tiny PC directamente en la parte posterior, y ambos (monitor y PC) pueden reemplazarse por separado sin necesidad de cambiar todo el sistema.<\/p>\n<p>\u00a1Hazlo tuyo ahora! y eleva tu experiencia visual! Con el monitor Lenovo Tio 24 G3.<\/p>\n<p>\u00a1Compra hoy mismo!<\/p>\n","protected":false},"excerpt":{"rendered":"<p>Tama\u00f1o de 23.8\u2033 (60.5 cm) con resoluci\u00f3n Full HD 1920\u00d71080, formato 16:9<br \/>\n\u00c1ngulos de visi\u00f3n muy amplios: 178\u00b0 tanto horizontal como vertical<br \/>\nSoporte ajustable en altura (hasta 110 mm), inclinaci\u00f3n de \u20135\u00b0 a 30\u00b0, giro horizontal (swivel) de \u00b145\u00b0 y pivote de 0\u00b0 a 90\u00b0<br \/>\nC\u00e1mara web integrada (versi\u00f3n com\u00fan: 720 p, aunque hay reportes de c\u00e1mara 1080 p en algunos bloques)<br \/>\nMicr\u00f3fono (o matriz de micr\u00f3fonos) integrado.<br \/>\nSe considera un sistema tipo AIO (all-in-one) modular: puedes montar un ThinkCentre Tiny<br \/>\nPC directamente en la parte posterior, y ambos (monitor y PC) pueden reemplazarse por separado sin necesidad de cambiar todo el sistema<\/p>\n","protected":false},"featured_media":2818,"comment_status":"open","ping_status":"closed","template":"","meta":{"_uag_custom_page_level_css":"","site-sidebar-layout":"default","site-content-layout":"","ast-site-content-layout":"default","site-content-style":"default","site-sidebar-style":"default","ast-global-header-display":"","ast-banner-title-visibility":"","ast-main-header-display":"","ast-hfb-above-header-display":"","ast-hfb-below-header-display":"","ast-hfb-mobile-header-display":"","site-post-title":"","ast-breadcrumbs-content":"","ast-featured-img":"","footer-sml-layout":"","ast-disable-related-posts":"","theme-transparent-header-meta":"default","adv-header-id-meta":"","stick-header-meta":"","header-above-stick-meta":"","header-main-stick-meta":"","header-below-stick-meta":"","astra-migrate-meta-layouts":"set","ast-page-background-enabled":"default","ast-page-background-meta":{"desktop":{"background-color":"var(--ast-global-color-4)","background-image":"","background-repeat":"repeat","background-position":"center center","background-size":"auto","background-attachment":"scroll","background-type":"","background-media":"","overlay-type":"","overlay-color":"","overlay-opacity":"","overlay-gradient":""},"tablet":{"background-color":"","background-image":"","background-repeat":"repeat","background-position":"center center","background-size":"auto","background-attachment":"scroll","background-type":"","background-media":"","overlay-type":"","overlay-color":"","overlay-opacity":"","overlay-gradient":""},"mobile":{"background-color":"","background-image":"","background-repeat":"repeat","background-position":"center center","background-size":"auto","background-attachment":"scroll","background-type":"","background-media":"","overlay-type":"","overlay-color":"","overlay-opacity":"","overlay-gradient":""}},"ast-content-background-meta":{"desktop":{"background-color":"var(--ast-global-color-5)","background-image":"","background-repeat":"repeat","background-position":"center center","background-size":"auto","background-attachment":"scroll","background-type":"","background-media":"","overlay-type":"","overlay-color":"","overlay-opacity":"","overlay-gradient":""},"tablet":{"background-color":"var(--ast-global-color-5)","background-image":"","background-repeat":"repeat","background-position":"center center","background-size":"auto","background-attachment":"scroll","background-type":"","background-media":"","overlay-type":"","overlay-color":"","overlay-opacity":"","overlay-gradient":""},"mobile":{"background-color":"var(--ast-global-color-5)","background-image":"","background-repeat":"repeat","background-position":"center center","background-size":"auto","background-attachment":"scroll","background-type":"","background-media":"","overlay-type":"","overlay-color":"","overlay-opacity":"","overlay-gradient":""}}},"product_brand":[],"product_cat":[33],"product_tag":[],"class_list":{"0":"post-2307","1":"product","2":"type-product","3":"status-publish","4":"has-post-thumbnail","6":"product_cat-monitor","7":"desktop-align-center","8":"tablet-align-left","9":"mobile-align-left","11":"first","12":"instock","13":"sale","14":"shipping-taxable","15":"purchasable","16":"product-type-simple"},"aioseo_notices":[],"uagb_featured_image_src":{"full":["https:\/\/computecnectonic.com\/wp-content\/uploads\/2025\/09\/3F1CF9C1-0A53-4BAB-B26F-818ED0233599.png",1254,1254,false],"thumbnail":["https:\/\/computecnectonic.com\/wp-content\/uploads\/2025\/09\/3F1CF9C1-0A53-4BAB-B26F-818ED0233599-150x150.png",150,150,true],"medium":["https:\/\/computecnectonic.com\/wp-content\/uploads\/2025\/09\/3F1CF9C1-0A53-4BAB-B26F-818ED0233599-300x300.png",300,300,true],"medium_large":["https:\/\/computecnectonic.com\/wp-content\/uploads\/2025\/09\/3F1CF9C1-0A53-4BAB-B26F-818ED0233599-768x768.png",768,768,true],"large":["https:\/\/computecnectonic.com\/wp-content\/uploads\/2025\/09\/3F1CF9C1-0A53-4BAB-B26F-818ED0233599-1024x1024.png",1024,1024,true],"1536x1536":["https:\/\/computecnectonic.com\/wp-content\/uploads\/2025\/09\/3F1CF9C1-0A53-4BAB-B26F-818ED0233599.png",1254,1254,false],"2048x2048":["https:\/\/computecnectonic.com\/wp-content\/uploads\/2025\/09\/3F1CF9C1-0A53-4BAB-B26F-818ED0233599.png",1254,1254,false],"woocommerce_thumbnail":["https:\/\/computecnectonic.com\/wp-content\/uploads\/2025\/09\/3F1CF9C1-0A53-4BAB-B26F-818ED0233599-300x300.png",300,300,true],"woocommerce_single":["https:\/\/computecnectonic.com\/wp-content\/uploads\/2025\/09\/3F1CF9C1-0A53-4BAB-B26F-818ED0233599-600x600.png",600,600,true],"woocommerce_gallery_thumbnail":["https:\/\/computecnectonic.com\/wp-content\/uploads\/2025\/09\/3F1CF9C1-0A53-4BAB-B26F-818ED0233599-100x100.png",100,100,true],"dgwt-wcas-product-suggestion":["https:\/\/computecnectonic.com\/wp-content\/uploads\/2025\/09\/3F1CF9C1-0A53-4BAB-B26F-818ED0233599-64x64.png",64,64,true]},"uagb_author_info":{"display_name":"Enrique Suxo","author_link":"https:\/\/computecnectonic.com\/?author=0"},"uagb_comment_info":0,"uagb_excerpt":"Tama\u00f1o de 23.8\u2033 (60.5 cm) con resoluci\u00f3n Full HD 1920\u00d71080, formato 16:9 \u00c1ngulos de visi\u00f3n muy amplios: 178\u00b0 tanto horizontal como vertical Soporte ajustable en altura (hasta 110 mm), inclinaci\u00f3n de \u20135\u00b0 a 30\u00b0, giro horizontal (swivel) de \u00b145\u00b0 y pivote de 0\u00b0 a 90\u00b0 C\u00e1mara web integrada (versi\u00f3n com\u00fan: 720 p, aunque hay reportes&hellip;","_links":{"self":[{"href":"https:\/\/computecnectonic.com\/index.php?rest_route=\/wp\/v2\/product\/2307","targetHints":{"allow":["GET"]}}],"collection":[{"href":"https:\/\/computecnectonic.com\/index.php?rest_route=\/wp\/v2\/product"}],"about":[{"href":"https:\/\/computecnectonic.com\/index.php?rest_route=\/wp\/v2\/types\/product"}],"replies":[{"embeddable":true,"href":"https:\/\/computecnectonic.com\/index.php?rest_route=%2Fwp%2Fv2%2Fcomments&post=2307"}],"wp:featuredmedia":[{"embeddable":true,"href":"https:\/\/computecnectonic.com\/index.php?rest_route=\/wp\/v2\/media\/2818"}],"wp:attachment":[{"href":"https:\/\/computecnectonic.com\/index.php?rest_route=%2Fwp%2Fv2%2Fmedia&parent=2307"}],"wp:term":[{"taxonomy":"product_brand","embeddable":true,"href":"https:\/\/computecnectonic.com\/index.php?rest_route=%2Fwp%2Fv2%2Fproduct_brand&post=2307"},{"taxonomy":"product_cat","embeddable":true,"href":"https:\/\/computecnectonic.com\/index.php?rest_route=%2Fwp%2Fv2%2Fproduct_cat&post=2307"},{"taxonomy":"product_tag","embeddable":true,"href":"https:\/\/computecnectonic.com\/index.php?rest_route=%2Fwp%2Fv2%2Fproduct_tag&post=2307"}],"curies":[{"name":"wp","href":"https:\/\/api.w.org\/{rel}","templated":true}]}}