{"id":2328,"date":"2025-09-06T00:09:29","date_gmt":"2025-09-06T06:09:29","guid":{"rendered":"https:\/\/computecnectonic.com\/?post_type=product&#038;p=2328"},"modified":"2026-05-01T11:43:03","modified_gmt":"2026-05-01T17:43:03","slug":"dell-latitude-7210-tablet-2-en-1","status":"publish","type":"product","link":"https:\/\/computecnectonic.com\/?product=dell-latitude-7210-tablet-2-en-1","title":{"rendered":"Dell Latitude 7210 Tablet 2 en 1 8-256 Core i5-10"},"content":{"rendered":"<p>Dell Latitude 7210 2-in-1 i5-10 es una soluci\u00f3n profesional ideal para quienes necesitan un equipo vers\u00e1til, ligero y seguro. Ofrece un excelente equilibrio entre rendimiento, portabilidad y funciones orientadas al entorno empresarial. Aunque su RAM no es ampliable, su dise\u00f1o robusto, la calidad de su pantalla y conectividad de alta velocidad lo convierten en una opci\u00f3n atractiva para ejecutivos,consultores o quienes trabajan en movilidad.<\/p>\n<p>\u00a1Hazte con la Dell Latitude 7210 (2 en 1) ahora! Potencia, creatividad y flexibilidad al alcance de tu mano.<\/p>\n<p>\u00a1Compra hoy mismo!7<\/p>\n","protected":false},"excerpt":{"rendered":"<p>Procesador: Intel Core i5-10310U, 4 n\u00facleos y 8 hilos, frecuencia base de 1.7 GHz y hasta 4.4 GHz en modo Turbo, con tecnolog\u00eda vPro para entornos corporativos<br \/>\nMemoria RAM: 8 GB LPDDR3 (2133 MHz), soldada en placa (no ampliable), con opciones hasta 16 GB<br \/>\nAlmacenamiento: SSD M.2 NVMe, t\u00edpicamente de entre 256 GB y 512 GB, seg\u00fan configuraci\u00f3n<br \/>\nPantalla: Panel t\u00e1ctil IPS de 12.3\u2033 con resoluci\u00f3n FHD+ (1920\u00d71280, formato 3:2), brillo de 400 nits, Gorilla Glass anti-manchas, 100 % sRGB, ideal para productividad y lectura<br \/>\nC\u00e1maras y audio:<br \/>\nTrasera: 8 MP; frontal: 5 MP<br \/>\nMicr\u00f3fonos duales, altavoces est\u00e9reo de 2 \u00d7 2 W<\/p>\n","protected":false},"featured_media":2803,"comment_status":"open","ping_status":"closed","template":"","meta":{"_uag_custom_page_level_css":"","site-sidebar-layout":"default","site-content-layout":"","ast-site-content-layout":"default","site-content-style":"default","site-sidebar-style":"default","ast-global-header-display":"","ast-banner-title-visibility":"","ast-main-header-display":"","ast-hfb-above-header-display":"","ast-hfb-below-header-display":"","ast-hfb-mobile-header-display":"","site-post-title":"","ast-breadcrumbs-content":"","ast-featured-img":"","footer-sml-layout":"","ast-disable-related-posts":"","theme-transparent-header-meta":"default","adv-header-id-meta":"","stick-header-meta":"","header-above-stick-meta":"","header-main-stick-meta":"","header-below-stick-meta":"","astra-migrate-meta-layouts":"set","ast-page-background-enabled":"default","ast-page-background-meta":{"desktop":{"background-color":"var(--ast-global-color-4)","background-image":"","background-repeat":"repeat","background-position":"center center","background-size":"auto","background-attachment":"scroll","background-type":"","background-media":"","overlay-type":"","overlay-color":"","overlay-opacity":"","overlay-gradient":""},"tablet":{"background-color":"","background-image":"","background-repeat":"repeat","background-position":"center center","background-size":"auto","background-attachment":"scroll","background-type":"","background-media":"","overlay-type":"","overlay-color":"","overlay-opacity":"","overlay-gradient":""},"mobile":{"background-color":"","background-image":"","background-repeat":"repeat","background-position":"center center","background-size":"auto","background-attachment":"scroll","background-type":"","background-media":"","overlay-type":"","overlay-color":"","overlay-opacity":"","overlay-gradient":""}},"ast-content-background-meta":{"desktop":{"background-color":"var(--ast-global-color-5)","background-image":"","background-repeat":"repeat","background-position":"center center","background-size":"auto","background-attachment":"scroll","background-type":"","background-media":"","overlay-type":"","overlay-color":"","overlay-opacity":"","overlay-gradient":""},"tablet":{"background-color":"var(--ast-global-color-5)","background-image":"","background-repeat":"repeat","background-position":"center center","background-size":"auto","background-attachment":"scroll","background-type":"","background-media":"","overlay-type":"","overlay-color":"","overlay-opacity":"","overlay-gradient":""},"mobile":{"background-color":"var(--ast-global-color-5)","background-image":"","background-repeat":"repeat","background-position":"center center","background-size":"auto","background-attachment":"scroll","background-type":"","background-media":"","overlay-type":"","overlay-color":"","overlay-opacity":"","overlay-gradient":""}}},"product_brand":[],"product_cat":[30],"product_tag":[],"class_list":{"0":"post-2328","1":"product","2":"type-product","3":"status-publish","4":"has-post-thumbnail","6":"product_cat-tablet","7":"desktop-align-center","8":"tablet-align-left","9":"mobile-align-left","11":"first","12":"instock","13":"sale","14":"shipping-taxable","15":"purchasable","16":"product-type-simple"},"aioseo_notices":[],"uagb_featured_image_src":{"full":["https:\/\/computecnectonic.com\/wp-content\/uploads\/2025\/09\/88760C74-71C3-4185-A187-814B122AB985.png",1254,1254,false],"thumbnail":["https:\/\/computecnectonic.com\/wp-content\/uploads\/2025\/09\/88760C74-71C3-4185-A187-814B122AB985-150x150.png",150,150,true],"medium":["https:\/\/computecnectonic.com\/wp-content\/uploads\/2025\/09\/88760C74-71C3-4185-A187-814B122AB985-300x300.png",300,300,true],"medium_large":["https:\/\/computecnectonic.com\/wp-content\/uploads\/2025\/09\/88760C74-71C3-4185-A187-814B122AB985-768x768.png",768,768,true],"large":["https:\/\/computecnectonic.com\/wp-content\/uploads\/2025\/09\/88760C74-71C3-4185-A187-814B122AB985-1024x1024.png",1024,1024,true],"1536x1536":["https:\/\/computecnectonic.com\/wp-content\/uploads\/2025\/09\/88760C74-71C3-4185-A187-814B122AB985.png",1254,1254,false],"2048x2048":["https:\/\/computecnectonic.com\/wp-content\/uploads\/2025\/09\/88760C74-71C3-4185-A187-814B122AB985.png",1254,1254,false],"woocommerce_thumbnail":["https:\/\/computecnectonic.com\/wp-content\/uploads\/2025\/09\/88760C74-71C3-4185-A187-814B122AB985-300x300.png",300,300,true],"woocommerce_single":["https:\/\/computecnectonic.com\/wp-content\/uploads\/2025\/09\/88760C74-71C3-4185-A187-814B122AB985-600x600.png",600,600,true],"woocommerce_gallery_thumbnail":["https:\/\/computecnectonic.com\/wp-content\/uploads\/2025\/09\/88760C74-71C3-4185-A187-814B122AB985-100x100.png",100,100,true],"dgwt-wcas-product-suggestion":["https:\/\/computecnectonic.com\/wp-content\/uploads\/2025\/09\/88760C74-71C3-4185-A187-814B122AB985-64x64.png",64,64,true]},"uagb_author_info":{"display_name":"Enrique Suxo","author_link":"https:\/\/computecnectonic.com\/?author=0"},"uagb_comment_info":0,"uagb_excerpt":"Procesador: Intel Core i5-10310U, 4 n\u00facleos y 8 hilos, frecuencia base de 1.7 GHz y hasta 4.4 GHz en modo Turbo, con tecnolog\u00eda vPro para entornos corporativos Memoria RAM: 8 GB LPDDR3 (2133 MHz), soldada en placa (no ampliable), con opciones hasta 16 GB Almacenamiento: SSD M.2 NVMe, t\u00edpicamente de entre 256 GB y 512&hellip;","_links":{"self":[{"href":"https:\/\/computecnectonic.com\/index.php?rest_route=\/wp\/v2\/product\/2328","targetHints":{"allow":["GET"]}}],"collection":[{"href":"https:\/\/computecnectonic.com\/index.php?rest_route=\/wp\/v2\/product"}],"about":[{"href":"https:\/\/computecnectonic.com\/index.php?rest_route=\/wp\/v2\/types\/product"}],"replies":[{"embeddable":true,"href":"https:\/\/computecnectonic.com\/index.php?rest_route=%2Fwp%2Fv2%2Fcomments&post=2328"}],"wp:featuredmedia":[{"embeddable":true,"href":"https:\/\/computecnectonic.com\/index.php?rest_route=\/wp\/v2\/media\/2803"}],"wp:attachment":[{"href":"https:\/\/computecnectonic.com\/index.php?rest_route=%2Fwp%2Fv2%2Fmedia&parent=2328"}],"wp:term":[{"taxonomy":"product_brand","embeddable":true,"href":"https:\/\/computecnectonic.com\/index.php?rest_route=%2Fwp%2Fv2%2Fproduct_brand&post=2328"},{"taxonomy":"product_cat","embeddable":true,"href":"https:\/\/computecnectonic.com\/index.php?rest_route=%2Fwp%2Fv2%2Fproduct_cat&post=2328"},{"taxonomy":"product_tag","embeddable":true,"href":"https:\/\/computecnectonic.com\/index.php?rest_route=%2Fwp%2Fv2%2Fproduct_tag&post=2328"}],"curies":[{"name":"wp","href":"https:\/\/api.w.org\/{rel}","templated":true}]}}