{"id":2330,"date":"2025-09-06T00:44:04","date_gmt":"2025-09-06T06:44:04","guid":{"rendered":"https:\/\/computecnectonic.com\/?post_type=product&#038;p=2330"},"modified":"2026-05-01T11:38:49","modified_gmt":"2026-05-01T17:38:49","slug":"lenovo-thinkpad-e14-g3-2","status":"publish","type":"product","link":"https:\/\/computecnectonic.com\/?product=lenovo-thinkpad-e14-g3-2","title":{"rendered":"Lenovo ThinkPad E14 G3 Intel Core i5-11"},"content":{"rendered":"<p>Lleva tu productividad y creatividad al siguiente nivel con la ThinkPad E14 que es una laptop empresarial moderna, dise\u00f1ada para ofrecer un equilibrio perfecto entre rendimiento, portabilidad y durabilidad. Equipada con un procesador Intel Core i5 de 11\u00aa generaci\u00f3n, 8GB de memoria RAM DDR4 permiten trabajar con m\u00faltiples aplicaciones abiertas de forma fluida, mientras<br \/>\nque su unidad de estado s\u00f3lido (SSD) de 256GB proporciona un arranque ultrarr\u00e1pido del sistema y tiempos de carga m\u00ednimos para programas y archivos.<\/p>\n<p>\u00a1Hazla tuya hoy mismo!<\/p>\n<p>Potencia, estilo y eficiencia.<\/p>\n<p>\u00a1Compra ahora y mejora tu experiencia!<\/p>\n","protected":false},"excerpt":{"rendered":"<p>Procesador: Intel Core i5 11\u00aa generaci\u00f3n<br \/>\nMemoria RAM: 8GB DDR4 (extendible)<br \/>\nAlmacenamiento: 256GB SSD<br \/>\nPantalla: 14&#8243; Full HD (1920 x 1080) antirreflejo<br \/>\nGr\u00e1ficos: Intel UHD Graphics<br \/>\nConectividad inal\u00e1mbrica: Wi-Fi 6, Bluetooth 5.1<br \/>\nPuertos:<br \/>\n\u2022 2 \u00d7 USB 3.2 Gen 1<br \/>\n\u2022 1 \u00d7 USB-C con DisplayPort y Power Delivery<br \/>\n\u2022 1 \u00d7 HDMI 1.4<br \/>\n\u2022 1 \u00d7 RJ-45 (Ethernet)<br \/>\n\u2022 1 \u00d7 Lector de tarjetas microSD<br \/>\n\u2022 Entrada\/salida de audio combinado<br \/>\nBater\u00eda: Larga duraci\u00f3n con tecnolog\u00eda ExpressCharge<br \/>\nSistema operativo: Windows 10 Pro \/ Windows 11 Pro.<br \/>\nPeso: Aproximadamente 1.52 kg<\/p>\n","protected":false},"featured_media":2801,"comment_status":"open","ping_status":"closed","template":"","meta":{"_uag_custom_page_level_css":"","site-sidebar-layout":"default","site-content-layout":"","ast-site-content-layout":"default","site-content-style":"default","site-sidebar-style":"default","ast-global-header-display":"","ast-banner-title-visibility":"","ast-main-header-display":"","ast-hfb-above-header-display":"","ast-hfb-below-header-display":"","ast-hfb-mobile-header-display":"","site-post-title":"","ast-breadcrumbs-content":"","ast-featured-img":"","footer-sml-layout":"","ast-disable-related-posts":"","theme-transparent-header-meta":"default","adv-header-id-meta":"","stick-header-meta":"","header-above-stick-meta":"","header-main-stick-meta":"","header-below-stick-meta":"","astra-migrate-meta-layouts":"set","ast-page-background-enabled":"default","ast-page-background-meta":{"desktop":{"background-color":"var(--ast-global-color-4)","background-image":"","background-repeat":"repeat","background-position":"center center","background-size":"auto","background-attachment":"scroll","background-type":"","background-media":"","overlay-type":"","overlay-color":"","overlay-opacity":"","overlay-gradient":""},"tablet":{"background-color":"","background-image":"","background-repeat":"repeat","background-position":"center center","background-size":"auto","background-attachment":"scroll","background-type":"","background-media":"","overlay-type":"","overlay-color":"","overlay-opacity":"","overlay-gradient":""},"mobile":{"background-color":"","background-image":"","background-repeat":"repeat","background-position":"center center","background-size":"auto","background-attachment":"scroll","background-type":"","background-media":"","overlay-type":"","overlay-color":"","overlay-opacity":"","overlay-gradient":""}},"ast-content-background-meta":{"desktop":{"background-color":"var(--ast-global-color-5)","background-image":"","background-repeat":"repeat","background-position":"center center","background-size":"auto","background-attachment":"scroll","background-type":"","background-media":"","overlay-type":"","overlay-color":"","overlay-opacity":"","overlay-gradient":""},"tablet":{"background-color":"var(--ast-global-color-5)","background-image":"","background-repeat":"repeat","background-position":"center center","background-size":"auto","background-attachment":"scroll","background-type":"","background-media":"","overlay-type":"","overlay-color":"","overlay-opacity":"","overlay-gradient":""},"mobile":{"background-color":"var(--ast-global-color-5)","background-image":"","background-repeat":"repeat","background-position":"center center","background-size":"auto","background-attachment":"scroll","background-type":"","background-media":"","overlay-type":"","overlay-color":"","overlay-opacity":"","overlay-gradient":""}}},"product_brand":[],"product_cat":[29],"product_tag":[],"class_list":{"0":"post-2330","1":"product","2":"type-product","3":"status-publish","4":"has-post-thumbnail","6":"product_cat-laptop","7":"desktop-align-center","8":"tablet-align-left","9":"mobile-align-left","11":"first","12":"instock","13":"sale","14":"shipping-taxable","15":"purchasable","16":"product-type-simple"},"aioseo_notices":[],"uagb_featured_image_src":{"full":["https:\/\/computecnectonic.com\/wp-content\/uploads\/2025\/09\/1B89520B-6295-4B26-9C0D-8D7E6730006A.png",1254,1254,false],"thumbnail":["https:\/\/computecnectonic.com\/wp-content\/uploads\/2025\/09\/1B89520B-6295-4B26-9C0D-8D7E6730006A-150x150.png",150,150,true],"medium":["https:\/\/computecnectonic.com\/wp-content\/uploads\/2025\/09\/1B89520B-6295-4B26-9C0D-8D7E6730006A-300x300.png",300,300,true],"medium_large":["https:\/\/computecnectonic.com\/wp-content\/uploads\/2025\/09\/1B89520B-6295-4B26-9C0D-8D7E6730006A-768x768.png",768,768,true],"large":["https:\/\/computecnectonic.com\/wp-content\/uploads\/2025\/09\/1B89520B-6295-4B26-9C0D-8D7E6730006A-1024x1024.png",1024,1024,true],"1536x1536":["https:\/\/computecnectonic.com\/wp-content\/uploads\/2025\/09\/1B89520B-6295-4B26-9C0D-8D7E6730006A.png",1254,1254,false],"2048x2048":["https:\/\/computecnectonic.com\/wp-content\/uploads\/2025\/09\/1B89520B-6295-4B26-9C0D-8D7E6730006A.png",1254,1254,false],"woocommerce_thumbnail":["https:\/\/computecnectonic.com\/wp-content\/uploads\/2025\/09\/1B89520B-6295-4B26-9C0D-8D7E6730006A-300x300.png",300,300,true],"woocommerce_single":["https:\/\/computecnectonic.com\/wp-content\/uploads\/2025\/09\/1B89520B-6295-4B26-9C0D-8D7E6730006A-600x600.png",600,600,true],"woocommerce_gallery_thumbnail":["https:\/\/computecnectonic.com\/wp-content\/uploads\/2025\/09\/1B89520B-6295-4B26-9C0D-8D7E6730006A-100x100.png",100,100,true],"dgwt-wcas-product-suggestion":["https:\/\/computecnectonic.com\/wp-content\/uploads\/2025\/09\/1B89520B-6295-4B26-9C0D-8D7E6730006A-64x64.png",64,64,true]},"uagb_author_info":{"display_name":"Enrique Suxo","author_link":"https:\/\/computecnectonic.com\/?author=0"},"uagb_comment_info":0,"uagb_excerpt":"Procesador: Intel Core i5 11\u00aa generaci\u00f3n Memoria RAM: 8GB DDR4 (extendible) Almacenamiento: 256GB SSD Pantalla: 14\" Full HD (1920 x 1080) antirreflejo Gr\u00e1ficos: Intel UHD Graphics Conectividad inal\u00e1mbrica: Wi-Fi 6, Bluetooth 5.1 Puertos: \u2022 2 \u00d7 USB 3.2 Gen 1 \u2022 1 \u00d7 USB-C con DisplayPort y Power Delivery \u2022 1 \u00d7 HDMI 1.4 \u2022&hellip;","_links":{"self":[{"href":"https:\/\/computecnectonic.com\/index.php?rest_route=\/wp\/v2\/product\/2330","targetHints":{"allow":["GET"]}}],"collection":[{"href":"https:\/\/computecnectonic.com\/index.php?rest_route=\/wp\/v2\/product"}],"about":[{"href":"https:\/\/computecnectonic.com\/index.php?rest_route=\/wp\/v2\/types\/product"}],"replies":[{"embeddable":true,"href":"https:\/\/computecnectonic.com\/index.php?rest_route=%2Fwp%2Fv2%2Fcomments&post=2330"}],"wp:featuredmedia":[{"embeddable":true,"href":"https:\/\/computecnectonic.com\/index.php?rest_route=\/wp\/v2\/media\/2801"}],"wp:attachment":[{"href":"https:\/\/computecnectonic.com\/index.php?rest_route=%2Fwp%2Fv2%2Fmedia&parent=2330"}],"wp:term":[{"taxonomy":"product_brand","embeddable":true,"href":"https:\/\/computecnectonic.com\/index.php?rest_route=%2Fwp%2Fv2%2Fproduct_brand&post=2330"},{"taxonomy":"product_cat","embeddable":true,"href":"https:\/\/computecnectonic.com\/index.php?rest_route=%2Fwp%2Fv2%2Fproduct_cat&post=2330"},{"taxonomy":"product_tag","embeddable":true,"href":"https:\/\/computecnectonic.com\/index.php?rest_route=%2Fwp%2Fv2%2Fproduct_tag&post=2330"}],"curies":[{"name":"wp","href":"https:\/\/api.w.org\/{rel}","templated":true}]}}